{"id":87,"date":"2025-07-02T09:53:33","date_gmt":"2025-07-02T13:53:33","guid":{"rendered":"https:\/\/www.hcraontario.ca\/fr\/?page_id=87"},"modified":"2025-12-10T09:24:15","modified_gmt":"2025-12-10T14:24:15","slug":"frais-pour-permis","status":"publish","type":"page","link":"https:\/\/www.hcraontario.ca\/fr\/frais-pour-permis\/","title":{"rendered":"Frais pour permis"},"content":{"rendered":"\n<div style=\"background-color:var(--wp--custom--colors--primary-500)\" class=\"wp-block-zp4-hero alignfull is-style-cover\"><div class=\"hero\"><div class=\"content-container is-style-center\"><h1>Frais pour permis<\/h1><p class=\"has-large-font-size\"><\/p>\n<div class=\"wp-block-buttons is-content-justification-left is-layout-flex wp-container-core-buttons-is-layout-fc4fd283 wp-block-buttons-is-layout-flex\">\n\n<\/div>\n<\/div><\/div><\/div>\n\n\n\n<p><\/p>\n\n\n\n<div class=\"wp-block-columns is-layout-flex wp-container-core-columns-is-layout-cf05694f wp-block-columns-is-layout-flex\">\n<div class=\"wp-block-column is-layout-flow wp-block-column-is-layout-flow\" style=\"flex-basis:23.33%\">\n<nav class=\"has-small-font-size wp-block-zp4-navigation\" aria-label=\"Constructeurs et vendeurs de logements\"\n\t\t\t\t\t\t\t\t\t\tdata-inline-menu-is-current-menu-expanded=\"true\">\n\t<ul class=\"dropdown menu\" data-a11y-dropdown-menu><li id=\"menu-item-46\" class=\"menu-item menu-item-type-custom menu-item-object-custom\"><a href=\"https:\/\/builderportal.hcraontario.ca\/en-US\/\">Portail des Constructeurs<\/a><\/li>\n<li id=\"menu-item-118\" class=\"menu-item menu-item-type-custom menu-item-object-custom menu-item-has-children is-dropdown-submenu-parent\"><button data-dropdown-submenu-toggle >Octroi de licences<\/button>\n<ul class=\"menu submenu\">\n\t<li id=\"menu-item-94\" class=\"menu-item menu-item-type-post_type menu-item-object-page is-submenu-item child\"><a href=\"https:\/\/www.hcraontario.ca\/fr\/ai-je-besoin-dun-permis\/\">Ai-je besoin d\u2019un permis?<\/a><\/li>\n\t<li id=\"menu-item-93\" class=\"menu-item menu-item-type-post_type menu-item-object-page is-submenu-item child\"><a href=\"https:\/\/www.hcraontario.ca\/fr\/nouveaux-demandeurs-avant-de-presenter-une-demande-de-permis\/\">Nouveaux demandeurs: avant de presenter une demande de permis<\/a><\/li>\n\t<li id=\"menu-item-92\" class=\"menu-item menu-item-type-post_type menu-item-object-page is-submenu-item child\"><a href=\"https:\/\/www.hcraontario.ca\/fr\/competence-requise\/\">Comp\u00e9tence requise<\/a><\/li>\n\t<li id=\"menu-item-91\" class=\"menu-item menu-item-type-post_type menu-item-object-page is-submenu-item child\"><a href=\"https:\/\/www.hcraontario.ca\/fr\/nouvelles-demandes\/\">Nouvelles demandes<\/a><\/li>\n\t<li id=\"menu-item-90\" class=\"menu-item menu-item-type-post_type menu-item-object-page is-submenu-item child\"><a href=\"https:\/\/www.hcraontario.ca\/fr\/vos-devoirs-en-tant-que-titulaire-de-licence\/\">Vos devoirs en tant que titulaire de licence<\/a><\/li>\n\t<li id=\"menu-item-89\" class=\"menu-item menu-item-type-post_type menu-item-object-page is-submenu-item child\"><a href=\"https:\/\/www.hcraontario.ca\/fr\/frais-pour-permis\/\">Frais pour permis<\/a><\/li>\n<\/ul>\n<\/li>\n<li id=\"menu-item-61\" class=\"menu-item menu-item-type-post_type menu-item-object-page\"><a href=\"https:\/\/www.hcraontario.ca\/fr\/directives-et-avis\/\">ORCL directives et avis<\/a><\/li>\n<li id=\"menu-item-76\" class=\"menu-item menu-item-type-post_type menu-item-object-page\"><a href=\"https:\/\/www.hcraontario.ca\/fr\/le-code-de-deontologie\/\">Le Code de d\u00e9ontologie<\/a><\/li>\n<li id=\"menu-item-75\" class=\"menu-item menu-item-type-post_type menu-item-object-page\"><a href=\"https:\/\/www.hcraontario.ca\/fr\/comites-de-discipline-ou-dappel\/\">Comit\u00e9s de discipline ou d\u2019appel<\/a><\/li>\n<li id=\"menu-item-74\" class=\"menu-item menu-item-type-post_type menu-item-object-page\"><a href=\"https:\/\/www.hcraontario.ca\/fr\/tribunal-dappel-en-matiere-de-permis\/\">Tribunal d\u2019appel en mati\u00e8re de permis<\/a><\/li>\n<\/ul><\/nav>\n<\/div>\n\n\n\n<div class=\"wp-block-column is-layout-constrained wp-block-column-is-layout-constrained\" style=\"padding-top:0;padding-bottom:0;flex-basis:76.66%\">\n<figure style=\"margin-right:var(--wp--preset--spacing--50);margin-left:var(--wp--preset--spacing--50)\" class=\"wp-block-table\"><table class=\"has-fixed-layout\"><thead><tr><th>Type de frais<\/th><th>Montant<\/th><th>Description<\/th><\/tr><\/thead><tbody><tr><td><strong>Frais pour nouveau permis autonome&nbsp;: <\/strong>Pour les demandes qui n\u2019ont pas d\u2019ant\u00e9c\u00e9dents de permis (hors organisation-cadre)<\/td><td>3,525 $<\/td><td>Frais uniques \u00e0 d\u00e9bourser par un nouveau demandeur qui n\u2019a pas d\u2019ant\u00e9c\u00e9dents dans une entreprise en tant que titulaire de permis.<\/td><\/tr><tr><td><strong>Frais pour nouveau permis&nbsp;:&nbsp;<\/strong>Pour un permis li\u00e9 \u00e0 des soci\u00e9t\u00e9s apparent\u00e9es (organisation-cadre)<\/td><td>880 $<\/td><td>Frais uniques pour nouveau permis \u00e0 d\u00e9bourser par une personne li\u00e9e \u00e0 des soci\u00e9t\u00e9s apparent\u00e9es. Cela signifie que le demandeur partage au moins un actionnaire, un administrateur ou un dirigeant commun avec un autre vendeur ou constructeur agr\u00e9\u00e9.<\/td><\/tr><tr><td><strong>Frais de renouvellement<\/strong><\/td><td>715 $<\/td><td>Frais annuels que chaque titulaire de permis doit d\u00e9bourser pour la conserver. Les frais de renouvellement sont pay\u00e9s chaque ann\u00e9e dans le cadre du processus de renouvellement des permis.<\/td><\/tr><tr><td><strong>Frais de renouvellement tardif<\/strong> (s\u2019ajoutent aux frais de renouvellement)<\/td><td>705 $<\/td><td>Frais de p\u00e9nalit\u00e9 qu\u2019un titulaire de permis doit d\u00e9bourser lorsqu\u2019il pr\u00e9sente une demande de renouvellement en retard.<\/td><\/tr><\/tbody><\/table><\/figure>\n\n\n\n<p class=\"has-small-font-size\" style=\"margin-right:var(--wp--preset--spacing--50);margin-left:var(--wp--preset--spacing--50)\"><\/p>\n\n\n\n<p class=\"has-dark-blue-color has-light-blue-background-color has-text-color has-background has-link-color wp-elements-968b5443e44e072c9c53d677c5dd3678\"><strong>REMARQUE&nbsp;:<\/strong>&nbsp;En plus de la carte de cr\u00e9dit et des services bancaires en ligne (pour les renouvellements seulement), l\u2019ORCL accepte \u00e9galement les paiements par ch\u00e8que. Ils doivent \u00eatre envoy\u00e9s par <strong>courrier ordinaire seulement<\/strong>, par l\u2019entremise de Postes Canada. Veuillez noter que le bureau de l\u2019ORCL est ferm\u00e9 au public et n\u2019accepte pas les livraisons par service de messagerie.<\/p>\n\n\n\n<p class=\"has-blue-color has-text-color has-link-color has-large-font-size wp-elements-8b007280faf3616bd784698e01f8c3f2\"><strong><strong>Frais de surveillance r\u00e9glementaire<\/strong><\/strong><\/p>\n\n\n\n<figure class=\"wp-block-table\"><table class=\"has-fixed-layout\"><thead><tr><th class=\"has-text-align-left\" data-align=\"left\">Type de frais<\/th><th class=\"has-text-align-left\" data-align=\"left\">Montant<\/th><th class=\"has-text-align-left\" data-align=\"left\">Description<\/th><\/tr><\/thead><tbody><tr><td class=\"has-text-align-left\" data-align=\"left\">Frais de surveillance r\u00e9glementaire de l\u2019ORCL (par logement)<\/td><td class=\"has-text-align-left\" data-align=\"left\">170 $<\/td><td class=\"has-text-align-left\" data-align=\"left\">Frais pay\u00e9s pour chaque logement.&nbsp;<strong>Ces frais sont assujettis \u00e0 la taxe de vente harmonis\u00e9e (ou TVH).<\/strong><\/td><\/tr><\/tbody><\/table><\/figure>\n\n\n\n<p class=\"has-blue-color has-text-color has-link-color has-large-font-size wp-elements-6328779124590807ed8adfe415e3de7d\"><br><br><br><br><\/p>\n<\/div>\n<\/div>\n","protected":false},"excerpt":{"rendered":"<p>Type de frais Montant Description Frais pour nouveau permis autonome&nbsp;: Pour les demandes qui n\u2019ont pas d\u2019ant\u00e9c\u00e9dents de permis (hors organisation-cadre) 3,525 $ Frais uniques \u00e0 d\u00e9bourser par un nouveau demandeur qui n\u2019a pas d\u2019ant\u00e9c\u00e9dents dans une entreprise en tant que titulaire de permis. Frais pour nouveau permis&nbsp;:&nbsp;Pour un permis li\u00e9 \u00e0 des soci\u00e9t\u00e9s apparent\u00e9es [&hellip;]<\/p>\n","protected":false},"author":1,"featured_media":0,"parent":0,"menu_order":0,"comment_status":"closed","ping_status":"closed","template":"","meta":{"footnotes":""},"class_list":["post-87","page","type-page","status-publish","hentry"],"yoast_head":"<!-- This site is optimized with the Yoast SEO plugin v27.4 - https:\/\/yoast.com\/product\/yoast-seo-wordpress\/ -->\n<title>Frais pour permis - L&#039;Office de r\u00e9glementation de la construction des logements<\/title>\n<meta name=\"robots\" content=\"noindex, follow, max-snippet:-1, max-image-preview:large, max-video-preview:-1\" \/>\n<meta property=\"og:locale\" content=\"fr_CA\" \/>\n<meta property=\"og:type\" content=\"article\" \/>\n<meta property=\"og:title\" content=\"Frais pour permis - L&#039;Office de r\u00e9glementation de la construction des logements\" \/>\n<meta property=\"og:description\" content=\"Type de frais Montant Description Frais pour nouveau permis autonome&nbsp;: Pour les demandes qui n\u2019ont pas d\u2019ant\u00e9c\u00e9dents de permis (hors organisation-cadre) 3,525 $ Frais uniques \u00e0 d\u00e9bourser par un nouveau demandeur qui n\u2019a pas d\u2019ant\u00e9c\u00e9dents dans une entreprise en tant que titulaire de permis. Frais pour nouveau permis&nbsp;:&nbsp;Pour un permis li\u00e9 \u00e0 des soci\u00e9t\u00e9s apparent\u00e9es [&hellip;]\" \/>\n<meta property=\"og:url\" content=\"https:\/\/www.hcraontario.ca\/fr\/frais-pour-permis\/\" \/>\n<meta property=\"og:site_name\" content=\"L&#039;Office de r\u00e9glementation de la construction des logements\" \/>\n<meta property=\"article:modified_time\" content=\"2025-12-10T14:24:15+00:00\" \/>\n<meta name=\"twitter:card\" content=\"summary_large_image\" \/>\n<meta name=\"twitter:label1\" content=\"Estimation du temps de lecture\" \/>\n\t<meta name=\"twitter:data1\" content=\"2 minutes\" \/>\n<script type=\"application\/ld+json\" class=\"yoast-schema-graph\">{\"@context\":\"https:\\\/\\\/schema.org\",\"@graph\":[{\"@type\":\"WebPage\",\"@id\":\"https:\\\/\\\/www.hcraontario.ca\\\/fr\\\/frais-pour-permis\\\/\",\"url\":\"https:\\\/\\\/www.hcraontario.ca\\\/fr\\\/frais-pour-permis\\\/\",\"name\":\"Frais pour permis - L&#039;Office de r\u00e9glementation de la construction des logements\",\"isPartOf\":{\"@id\":\"https:\\\/\\\/www.hcraontario.ca\\\/fr\\\/#website\"},\"datePublished\":\"2025-07-02T13:53:33+00:00\",\"dateModified\":\"2025-12-10T14:24:15+00:00\",\"breadcrumb\":{\"@id\":\"https:\\\/\\\/www.hcraontario.ca\\\/fr\\\/frais-pour-permis\\\/#breadcrumb\"},\"inLanguage\":\"fr-CA\",\"potentialAction\":[{\"@type\":\"ReadAction\",\"target\":[\"https:\\\/\\\/www.hcraontario.ca\\\/fr\\\/frais-pour-permis\\\/\"]}]},{\"@type\":\"BreadcrumbList\",\"@id\":\"https:\\\/\\\/www.hcraontario.ca\\\/fr\\\/frais-pour-permis\\\/#breadcrumb\",\"itemListElement\":[{\"@type\":\"ListItem\",\"position\":1,\"name\":\"Home\",\"item\":\"https:\\\/\\\/www.hcraontario.ca\\\/fr\\\/\"},{\"@type\":\"ListItem\",\"position\":2,\"name\":\"Frais pour permis\"}]},{\"@type\":\"WebSite\",\"@id\":\"https:\\\/\\\/www.hcraontario.ca\\\/fr\\\/#website\",\"url\":\"https:\\\/\\\/www.hcraontario.ca\\\/fr\\\/\",\"name\":\"L&#039;Office de r\u00e9glementation de la construction des logements\",\"description\":\"\",\"potentialAction\":[{\"@type\":\"SearchAction\",\"target\":{\"@type\":\"EntryPoint\",\"urlTemplate\":\"https:\\\/\\\/www.hcraontario.ca\\\/fr\\\/?s={search_term_string}\"},\"query-input\":{\"@type\":\"PropertyValueSpecification\",\"valueRequired\":true,\"valueName\":\"search_term_string\"}}],\"inLanguage\":\"fr-CA\"}]}<\/script>\n<!-- \/ Yoast SEO plugin. -->","yoast_head_json":{"title":"Frais pour permis - L&#039;Office de r\u00e9glementation de la construction des logements","robots":{"index":"noindex","follow":"follow","max-snippet":"max-snippet:-1","max-image-preview":"max-image-preview:large","max-video-preview":"max-video-preview:-1"},"og_locale":"fr_CA","og_type":"article","og_title":"Frais pour permis - L&#039;Office de r\u00e9glementation de la construction des logements","og_description":"Type de frais Montant Description Frais pour nouveau permis autonome&nbsp;: Pour les demandes qui n\u2019ont pas d\u2019ant\u00e9c\u00e9dents de permis (hors organisation-cadre) 3,525 $ Frais uniques \u00e0 d\u00e9bourser par un nouveau demandeur qui n\u2019a pas d\u2019ant\u00e9c\u00e9dents dans une entreprise en tant que titulaire de permis. Frais pour nouveau permis&nbsp;:&nbsp;Pour un permis li\u00e9 \u00e0 des soci\u00e9t\u00e9s apparent\u00e9es [&hellip;]","og_url":"https:\/\/www.hcraontario.ca\/fr\/frais-pour-permis\/","og_site_name":"L&#039;Office de r\u00e9glementation de la construction des logements","article_modified_time":"2025-12-10T14:24:15+00:00","twitter_card":"summary_large_image","twitter_misc":{"Estimation du temps de lecture":"2 minutes"},"schema":{"@context":"https:\/\/schema.org","@graph":[{"@type":"WebPage","@id":"https:\/\/www.hcraontario.ca\/fr\/frais-pour-permis\/","url":"https:\/\/www.hcraontario.ca\/fr\/frais-pour-permis\/","name":"Frais pour permis - L&#039;Office de r\u00e9glementation de la construction des logements","isPartOf":{"@id":"https:\/\/www.hcraontario.ca\/fr\/#website"},"datePublished":"2025-07-02T13:53:33+00:00","dateModified":"2025-12-10T14:24:15+00:00","breadcrumb":{"@id":"https:\/\/www.hcraontario.ca\/fr\/frais-pour-permis\/#breadcrumb"},"inLanguage":"fr-CA","potentialAction":[{"@type":"ReadAction","target":["https:\/\/www.hcraontario.ca\/fr\/frais-pour-permis\/"]}]},{"@type":"BreadcrumbList","@id":"https:\/\/www.hcraontario.ca\/fr\/frais-pour-permis\/#breadcrumb","itemListElement":[{"@type":"ListItem","position":1,"name":"Home","item":"https:\/\/www.hcraontario.ca\/fr\/"},{"@type":"ListItem","position":2,"name":"Frais pour permis"}]},{"@type":"WebSite","@id":"https:\/\/www.hcraontario.ca\/fr\/#website","url":"https:\/\/www.hcraontario.ca\/fr\/","name":"L&#039;Office de r\u00e9glementation de la construction des logements","description":"","potentialAction":[{"@type":"SearchAction","target":{"@type":"EntryPoint","urlTemplate":"https:\/\/www.hcraontario.ca\/fr\/?s={search_term_string}"},"query-input":{"@type":"PropertyValueSpecification","valueRequired":true,"valueName":"search_term_string"}}],"inLanguage":"fr-CA"}]}},"_links":{"self":[{"href":"https:\/\/www.hcraontario.ca\/fr\/wp-json\/wp\/v2\/pages\/87","targetHints":{"allow":["GET"]}}],"collection":[{"href":"https:\/\/www.hcraontario.ca\/fr\/wp-json\/wp\/v2\/pages"}],"about":[{"href":"https:\/\/www.hcraontario.ca\/fr\/wp-json\/wp\/v2\/types\/page"}],"author":[{"embeddable":true,"href":"https:\/\/www.hcraontario.ca\/fr\/wp-json\/wp\/v2\/users\/1"}],"replies":[{"embeddable":true,"href":"https:\/\/www.hcraontario.ca\/fr\/wp-json\/wp\/v2\/comments?post=87"}],"version-history":[{"count":6,"href":"https:\/\/www.hcraontario.ca\/fr\/wp-json\/wp\/v2\/pages\/87\/revisions"}],"predecessor-version":[{"id":961,"href":"https:\/\/www.hcraontario.ca\/fr\/wp-json\/wp\/v2\/pages\/87\/revisions\/961"}],"wp:attachment":[{"href":"https:\/\/www.hcraontario.ca\/fr\/wp-json\/wp\/v2\/media?parent=87"}],"curies":[{"name":"wp","href":"https:\/\/api.w.org\/{rel}","templated":true}]}}