{"id":79,"date":"2025-07-02T09:50:41","date_gmt":"2025-07-02T13:50:41","guid":{"rendered":"https:\/\/www.hcraontario.ca\/fr\/?page_id=79"},"modified":"2025-11-24T16:18:29","modified_gmt":"2025-11-24T21:18:29","slug":"nouveaux-demandeurs-avant-de-presenter-une-demande-de-permis","status":"publish","type":"page","link":"https:\/\/www.hcraontario.ca\/fr\/nouveaux-demandeurs-avant-de-presenter-une-demande-de-permis\/","title":{"rendered":"Nouveaux demandeurs: avant de presenter une demande de permis"},"content":{"rendered":"\n<div style=\"background-color:var(--wp--custom--colors--primary-500)\" class=\"wp-block-zp4-hero alignfull is-style-cover\"><div class=\"hero\"><div class=\"content-container is-style-center\"><h1>Nouveaux demandeurs: avant de presenter une demande de permis<\/h1><p class=\"has-large-font-size\"><\/p>\n<div class=\"wp-block-buttons is-content-justification-left is-layout-flex wp-container-core-buttons-is-layout-fc4fd283 wp-block-buttons-is-layout-flex\">\n\n<\/div>\n<\/div><\/div><\/div>\n\n\n\n<p><\/p>\n\n\n\n<div class=\"wp-block-columns is-layout-flex wp-container-core-columns-is-layout-cf05694f wp-block-columns-is-layout-flex\">\n<div class=\"wp-block-column is-layout-flow wp-block-column-is-layout-flow\" style=\"flex-basis:23.33%\">\n<nav class=\"has-small-font-size wp-block-zp4-navigation\" aria-label=\"Constructeurs et vendeurs de logements\"\n\t\t\t\t\t\t\t\t\t\tdata-inline-menu-is-current-menu-expanded=\"true\">\n\t<ul class=\"dropdown menu\" data-a11y-dropdown-menu><li id=\"menu-item-46\" class=\"menu-item menu-item-type-custom menu-item-object-custom\"><a href=\"https:\/\/builderportal.hcraontario.ca\/en-US\/\">Portail des Constructeurs<\/a><\/li>\n<li id=\"menu-item-118\" class=\"menu-item menu-item-type-custom menu-item-object-custom menu-item-has-children is-dropdown-submenu-parent\"><button data-dropdown-submenu-toggle >Octroi de licences<\/button>\n<ul class=\"menu submenu\">\n\t<li id=\"menu-item-94\" class=\"menu-item menu-item-type-post_type menu-item-object-page is-submenu-item child\"><a href=\"https:\/\/www.hcraontario.ca\/fr\/ai-je-besoin-dun-permis\/\">Ai-je besoin d\u2019un permis?<\/a><\/li>\n\t<li id=\"menu-item-93\" class=\"menu-item menu-item-type-post_type menu-item-object-page is-submenu-item child\"><a href=\"https:\/\/www.hcraontario.ca\/fr\/nouveaux-demandeurs-avant-de-presenter-une-demande-de-permis\/\">Nouveaux demandeurs: avant de presenter une demande de permis<\/a><\/li>\n\t<li id=\"menu-item-92\" class=\"menu-item menu-item-type-post_type menu-item-object-page is-submenu-item child\"><a href=\"https:\/\/www.hcraontario.ca\/fr\/competence-requise\/\">Comp\u00e9tence requise<\/a><\/li>\n\t<li id=\"menu-item-91\" class=\"menu-item menu-item-type-post_type menu-item-object-page is-submenu-item child\"><a href=\"https:\/\/www.hcraontario.ca\/fr\/nouvelles-demandes\/\">Nouvelles demandes<\/a><\/li>\n\t<li id=\"menu-item-90\" class=\"menu-item menu-item-type-post_type menu-item-object-page is-submenu-item child\"><a href=\"https:\/\/www.hcraontario.ca\/fr\/vos-devoirs-en-tant-que-titulaire-de-licence\/\">Vos devoirs en tant que titulaire de licence<\/a><\/li>\n\t<li id=\"menu-item-89\" class=\"menu-item menu-item-type-post_type menu-item-object-page is-submenu-item child\"><a href=\"https:\/\/www.hcraontario.ca\/fr\/frais-pour-permis\/\">Frais pour permis<\/a><\/li>\n<\/ul>\n<\/li>\n<li id=\"menu-item-61\" class=\"menu-item menu-item-type-post_type menu-item-object-page\"><a href=\"https:\/\/www.hcraontario.ca\/fr\/directives-et-avis\/\">ORCL directives et avis<\/a><\/li>\n<li id=\"menu-item-76\" class=\"menu-item menu-item-type-post_type menu-item-object-page\"><a href=\"https:\/\/www.hcraontario.ca\/fr\/le-code-de-deontologie\/\">Le Code de d\u00e9ontologie<\/a><\/li>\n<li id=\"menu-item-75\" class=\"menu-item menu-item-type-post_type menu-item-object-page\"><a href=\"https:\/\/www.hcraontario.ca\/fr\/comites-de-discipline-ou-dappel\/\">Comit\u00e9s de discipline ou d\u2019appel<\/a><\/li>\n<li id=\"menu-item-74\" class=\"menu-item menu-item-type-post_type menu-item-object-page\"><a href=\"https:\/\/www.hcraontario.ca\/fr\/tribunal-dappel-en-matiere-de-permis\/\">Tribunal d\u2019appel en mati\u00e8re de permis<\/a><\/li>\n<\/ul><\/nav>\n<\/div>\n\n\n\n<div class=\"wp-block-column is-layout-flow wp-block-column-is-layout-flow\" style=\"flex-basis:76.66%\">\n<p>Avant de pr\u00e9senter une demande de permis \u00e0 l\u2019ORCL, les nouveaux demandeurs doivent satisfaire \u00e0 plusieurs exigences. Comprendre ces exigences \u00e0 l\u2019avance peut aider les demandeurs \u00e0 s\u2019y retrouver dans le processus et \u00e0 s\u2019assurer qu\u2019ils ont tout ce dont ils ont besoin avant de pr\u00e9senter leur demande.<\/p>\n\n\n\n<p class=\"has-blue-color has-text-color has-link-color has-large-font-size wp-elements-b28b9880318851f174c42b8f203efbe9\"><strong><strong>Exigence en mati\u00e8re de comp\u00e9tences<\/strong><\/strong><\/p>\n\n\n\n<p>Les nouveaux demandeurs doivent satisfaire \u00e0 l\u2019exigence de comp\u00e9tence \u00e9nonc\u00e9e \u00e0 l\u2019article 38 de la <a href=\"https:\/\/www.ontario.ca\/fr\/lois\/loi\/17n33#BK5\" target=\"_blank\" rel=\"noreferrer noopener\"><strong>Loi de 2017 sur l\u2019agr\u00e9ment en mati\u00e8re de construction de logements neufs<\/strong><\/a>. Cela d\u00e9montre que les constructeurs et les vendeurs ont les connaissances et les comp\u00e9tences n\u00e9cessaires pour exploiter une entreprise et construire des logements neufs. Pour en savoir plus, consultez notre page sur les <a href=\"https:\/\/www.hcraontario.ca\/fr\/competence-requise\/\"><strong>comp\u00e9tences requises<\/strong><\/a>.<\/p>\n\n\n\n<p class=\"has-blue-color has-text-color has-link-color has-large-font-size wp-elements-9f5c0b9b13ec897556ab1d02e7ee4e59\"><strong><strong>V\u00e9rifications du casier judiciaire et des affaires judiciaires<\/strong><\/strong><\/p>\n\n\n\n<p>En plus de satisfaire \u00e0 l\u2019exigence en mati\u00e8re de comp\u00e9tence, les demandeurs qui pr\u00e9sentent une premi\u00e8re demande doivent fournir les r\u00e9sultats d\u2019une v\u00e9rification du casier judiciaire et des affaires judiciaires dans le cadre de leur demande. Pour satisfaire \u00e0 cette exigence, il suffit d\u2019acc\u00e9der au site Web de d\u00e9pistage de l\u2019ORCL <a href=\"https:\/\/pages.sterlingbackcheck.ca\/landing-pages\/h\/hcra\/\" target=\"_blank\" rel=\"noreferrer noopener\"><strong>ici<\/strong><\/a> (anglais seulement).<\/p>\n\n\n\n<p>Veuillez noter ce qui suit&nbsp;:&nbsp;<strong>N\u2019utilisez pas l\u2019option en libre-service myBackcheck<\/strong> (site Web grand public myBackcheck) car elle ne r\u00e9pond pas aux exigences de l\u2019ORCL. Les demandeurs peuvent \u00e9galement soumettre une v\u00e9rification effectu\u00e9e par un service de police municipal ou la Police provinciale de l\u2019Ontario.<\/p>\n\n\n\n<p class=\"has-dark-blue-color has-light-blue-background-color has-text-color has-background has-link-color wp-elements-7f6a9ad9a3fcffed8e4af07b4ba9117f\"><strong><u>IMPORTANT&nbsp;:<\/u><\/strong>&nbsp;L\u2019ORCL n\u2019acceptera pas de v\u00e9rifications du casier judiciaire et des affaires judiciaires datant de plus de <strong>six mois<\/strong>.&nbsp;Si le fournisseur tiers n\u2019est pas utilis\u00e9, les demandeurs doivent pr\u00e9senter le rapport original, qui doit \u00eatre estampill\u00e9 et sign\u00e9 pour que la demande soit consid\u00e9r\u00e9e comme compl\u00e8te. De plus, l\u2019ORCL n\u2019acceptera pas les v\u00e9rifications du casier judiciaire canadien qui ne comprennent pas la composante des affaires judiciaires.<\/p>\n\n\n\n<p>Si le candidat est une soci\u00e9t\u00e9 ou une soci\u00e9t\u00e9 de personnes, il est responsable de fournir les r\u00e9sultats d\u2019une v\u00e9rification du casier judiciaire et des affaires judiciaires pour chacun de ses administrateurs, dirigeants et associ\u00e9s, selon le cas.<\/p>\n\n\n\n<p>Le fait d\u2019avoir un casier judiciaire n\u2019entra\u00eene pas automatiquement le refus de la demande. L\u2019ORCL \u00e9valuera divers facteurs, notamment&nbsp;:<\/p>\n\n\n\n<ul class=\"wp-block-list\">\n<li>La pertinence de la conduite par rapport \u00e0 l\u2019agr\u00e9ment<\/li>\n\n\n\n<li>Le temps \u00e9coul\u00e9 depuis que la conduite a eu lieu<\/li>\n\n\n\n<li>La conduite refl\u00e8te-t-elle un comportement ou une habitude?<\/li>\n\n\n\n<li>Toutes les mesures prises pour g\u00e9rer ou att\u00e9nuer l\u2019incidence de la conduite<\/li>\n<\/ul>\n\n\n\n<p>Chaque cas est examin\u00e9 individuellement, en tenant compte des circonstances particuli\u00e8res entourant le dossier du demandeur.<\/p>\n\n\n\n<p class=\"has-blue-color has-text-color has-link-color has-large-font-size wp-elements-285d5db1e917912ab22b4613d93e1686\"><strong><strong>V\u00e9rification de solvabilit\u00e9<\/strong> <\/strong><\/p>\n\n\n\n<p>Tous les nouveaux demandeurs, ainsi que tous les actionnaires, dirigeants, administrateurs et associ\u00e9s, sont assujettis \u00e0 une v\u00e9rification de solvabilit\u00e9 effectu\u00e9e par un fournisseur tiers dans le cadre de la demande. Les r\u00e9sultats de la v\u00e9rification de solvabilit\u00e9, y compris les faillites et les jugements ant\u00e9rieurs, seront pris en compte dans l\u2019\u00e9valuation de la responsabilit\u00e9 financi\u00e8re.<\/p>\n\n\n\n<p class=\"has-blue-color has-text-color has-link-color has-large-font-size wp-elements-36883691f15db4c2a8c10f851f91a0ca\"><strong><strong>Personnes int\u00e9ress\u00e9es<\/strong><\/strong><\/p>\n\n\n\n<p>Dans le cadre du processus de demande, l\u2019ORCL examinera les renseignements sur les particuliers et les soci\u00e9t\u00e9s li\u00e9s \u00e0 votre entreprise. Cela comprend les \u00ab&nbsp;personnes int\u00e9ress\u00e9es&nbsp;\u00bb qui ne sont peut-\u00eatre pas le demandeur, un dirigeant ou un administrateur, mais qui exercent n\u00e9anmoins une influence ou un contr\u00f4le sur les activit\u00e9s du demandeur ou du titulaire de permis.<\/p>\n\n\n\n<p class=\"has-blue-color has-light-blue-background-color has-text-color has-background has-link-color wp-elements-da490eaa26b886159f31875dd88c5574\"><strong>Remarque<\/strong>&nbsp;: des frais sont associ\u00e9s \u00e0 cette demande.&nbsp;Pour en savoir plus, <strong><a href=\"https:\/\/www.hcraontario.ca\/fr\/frais-pour-permis\/\">consultez cette page<\/a><\/strong>.<\/p>\n<\/div>\n<\/div>\n\n\n\n<p><br><br><\/p>\n\n\n\n<p><\/p>\n","protected":false},"excerpt":{"rendered":"<p>Avant de pr\u00e9senter une demande de permis \u00e0 l\u2019ORCL, les nouveaux demandeurs doivent satisfaire \u00e0 plusieurs exigences. Comprendre ces exigences \u00e0 l\u2019avance peut aider les demandeurs \u00e0 s\u2019y retrouver dans le processus et \u00e0 s\u2019assurer qu\u2019ils ont tout ce dont ils ont besoin avant de pr\u00e9senter leur demande. Exigence en mati\u00e8re de comp\u00e9tences Les nouveaux [&hellip;]<\/p>\n","protected":false},"author":1,"featured_media":0,"parent":0,"menu_order":0,"comment_status":"closed","ping_status":"closed","template":"","meta":{"footnotes":""},"class_list":["post-79","page","type-page","status-publish","hentry"],"yoast_head":"<!-- This site is optimized with the Yoast SEO plugin v27.4 - https:\/\/yoast.com\/product\/yoast-seo-wordpress\/ -->\n<title>Nouveaux demandeurs: avant de presenter une demande de permis - L&#039;Office de r\u00e9glementation de la construction des logements<\/title>\n<meta name=\"robots\" content=\"noindex, follow, max-snippet:-1, max-image-preview:large, max-video-preview:-1\" \/>\n<meta property=\"og:locale\" content=\"fr_CA\" \/>\n<meta property=\"og:type\" content=\"article\" \/>\n<meta property=\"og:title\" content=\"Nouveaux demandeurs: avant de presenter une demande de permis - L&#039;Office de r\u00e9glementation de la construction des logements\" \/>\n<meta property=\"og:description\" content=\"Avant de pr\u00e9senter une demande de permis \u00e0 l\u2019ORCL, les nouveaux demandeurs doivent satisfaire \u00e0 plusieurs exigences. Comprendre ces exigences \u00e0 l\u2019avance peut aider les demandeurs \u00e0 s\u2019y retrouver dans le processus et \u00e0 s\u2019assurer qu\u2019ils ont tout ce dont ils ont besoin avant de pr\u00e9senter leur demande. Exigence en mati\u00e8re de comp\u00e9tences Les nouveaux [&hellip;]\" \/>\n<meta property=\"og:url\" content=\"https:\/\/www.hcraontario.ca\/fr\/nouveaux-demandeurs-avant-de-presenter-une-demande-de-permis\/\" \/>\n<meta property=\"og:site_name\" content=\"L&#039;Office de r\u00e9glementation de la construction des logements\" \/>\n<meta property=\"article:modified_time\" content=\"2025-11-24T21:18:29+00:00\" \/>\n<meta name=\"twitter:card\" content=\"summary_large_image\" \/>\n<meta name=\"twitter:label1\" content=\"Estimation du temps de lecture\" \/>\n\t<meta name=\"twitter:data1\" content=\"3 minutes\" \/>\n<script type=\"application\/ld+json\" class=\"yoast-schema-graph\">{\"@context\":\"https:\\\/\\\/schema.org\",\"@graph\":[{\"@type\":\"WebPage\",\"@id\":\"https:\\\/\\\/www.hcraontario.ca\\\/fr\\\/nouveaux-demandeurs-avant-de-presenter-une-demande-de-permis\\\/\",\"url\":\"https:\\\/\\\/www.hcraontario.ca\\\/fr\\\/nouveaux-demandeurs-avant-de-presenter-une-demande-de-permis\\\/\",\"name\":\"Nouveaux demandeurs: avant de presenter une demande de permis - L&#039;Office de r\u00e9glementation de la construction des logements\",\"isPartOf\":{\"@id\":\"https:\\\/\\\/www.hcraontario.ca\\\/fr\\\/#website\"},\"datePublished\":\"2025-07-02T13:50:41+00:00\",\"dateModified\":\"2025-11-24T21:18:29+00:00\",\"breadcrumb\":{\"@id\":\"https:\\\/\\\/www.hcraontario.ca\\\/fr\\\/nouveaux-demandeurs-avant-de-presenter-une-demande-de-permis\\\/#breadcrumb\"},\"inLanguage\":\"fr-CA\",\"potentialAction\":[{\"@type\":\"ReadAction\",\"target\":[\"https:\\\/\\\/www.hcraontario.ca\\\/fr\\\/nouveaux-demandeurs-avant-de-presenter-une-demande-de-permis\\\/\"]}]},{\"@type\":\"BreadcrumbList\",\"@id\":\"https:\\\/\\\/www.hcraontario.ca\\\/fr\\\/nouveaux-demandeurs-avant-de-presenter-une-demande-de-permis\\\/#breadcrumb\",\"itemListElement\":[{\"@type\":\"ListItem\",\"position\":1,\"name\":\"Home\",\"item\":\"https:\\\/\\\/www.hcraontario.ca\\\/fr\\\/\"},{\"@type\":\"ListItem\",\"position\":2,\"name\":\"Nouveaux demandeurs: avant de presenter une demande de permis\"}]},{\"@type\":\"WebSite\",\"@id\":\"https:\\\/\\\/www.hcraontario.ca\\\/fr\\\/#website\",\"url\":\"https:\\\/\\\/www.hcraontario.ca\\\/fr\\\/\",\"name\":\"L&#039;Office de r\u00e9glementation de la construction des logements\",\"description\":\"\",\"potentialAction\":[{\"@type\":\"SearchAction\",\"target\":{\"@type\":\"EntryPoint\",\"urlTemplate\":\"https:\\\/\\\/www.hcraontario.ca\\\/fr\\\/?s={search_term_string}\"},\"query-input\":{\"@type\":\"PropertyValueSpecification\",\"valueRequired\":true,\"valueName\":\"search_term_string\"}}],\"inLanguage\":\"fr-CA\"}]}<\/script>\n<!-- \/ Yoast SEO plugin. -->","yoast_head_json":{"title":"Nouveaux demandeurs: avant de presenter une demande de permis - L&#039;Office de r\u00e9glementation de la construction des logements","robots":{"index":"noindex","follow":"follow","max-snippet":"max-snippet:-1","max-image-preview":"max-image-preview:large","max-video-preview":"max-video-preview:-1"},"og_locale":"fr_CA","og_type":"article","og_title":"Nouveaux demandeurs: avant de presenter une demande de permis - L&#039;Office de r\u00e9glementation de la construction des logements","og_description":"Avant de pr\u00e9senter une demande de permis \u00e0 l\u2019ORCL, les nouveaux demandeurs doivent satisfaire \u00e0 plusieurs exigences. Comprendre ces exigences \u00e0 l\u2019avance peut aider les demandeurs \u00e0 s\u2019y retrouver dans le processus et \u00e0 s\u2019assurer qu\u2019ils ont tout ce dont ils ont besoin avant de pr\u00e9senter leur demande. Exigence en mati\u00e8re de comp\u00e9tences Les nouveaux [&hellip;]","og_url":"https:\/\/www.hcraontario.ca\/fr\/nouveaux-demandeurs-avant-de-presenter-une-demande-de-permis\/","og_site_name":"L&#039;Office de r\u00e9glementation de la construction des logements","article_modified_time":"2025-11-24T21:18:29+00:00","twitter_card":"summary_large_image","twitter_misc":{"Estimation du temps de lecture":"3 minutes"},"schema":{"@context":"https:\/\/schema.org","@graph":[{"@type":"WebPage","@id":"https:\/\/www.hcraontario.ca\/fr\/nouveaux-demandeurs-avant-de-presenter-une-demande-de-permis\/","url":"https:\/\/www.hcraontario.ca\/fr\/nouveaux-demandeurs-avant-de-presenter-une-demande-de-permis\/","name":"Nouveaux demandeurs: avant de presenter une demande de permis - L&#039;Office de r\u00e9glementation de la construction des logements","isPartOf":{"@id":"https:\/\/www.hcraontario.ca\/fr\/#website"},"datePublished":"2025-07-02T13:50:41+00:00","dateModified":"2025-11-24T21:18:29+00:00","breadcrumb":{"@id":"https:\/\/www.hcraontario.ca\/fr\/nouveaux-demandeurs-avant-de-presenter-une-demande-de-permis\/#breadcrumb"},"inLanguage":"fr-CA","potentialAction":[{"@type":"ReadAction","target":["https:\/\/www.hcraontario.ca\/fr\/nouveaux-demandeurs-avant-de-presenter-une-demande-de-permis\/"]}]},{"@type":"BreadcrumbList","@id":"https:\/\/www.hcraontario.ca\/fr\/nouveaux-demandeurs-avant-de-presenter-une-demande-de-permis\/#breadcrumb","itemListElement":[{"@type":"ListItem","position":1,"name":"Home","item":"https:\/\/www.hcraontario.ca\/fr\/"},{"@type":"ListItem","position":2,"name":"Nouveaux demandeurs: avant de presenter une demande de permis"}]},{"@type":"WebSite","@id":"https:\/\/www.hcraontario.ca\/fr\/#website","url":"https:\/\/www.hcraontario.ca\/fr\/","name":"L&#039;Office de r\u00e9glementation de la construction des logements","description":"","potentialAction":[{"@type":"SearchAction","target":{"@type":"EntryPoint","urlTemplate":"https:\/\/www.hcraontario.ca\/fr\/?s={search_term_string}"},"query-input":{"@type":"PropertyValueSpecification","valueRequired":true,"valueName":"search_term_string"}}],"inLanguage":"fr-CA"}]}},"_links":{"self":[{"href":"https:\/\/www.hcraontario.ca\/fr\/wp-json\/wp\/v2\/pages\/79","targetHints":{"allow":["GET"]}}],"collection":[{"href":"https:\/\/www.hcraontario.ca\/fr\/wp-json\/wp\/v2\/pages"}],"about":[{"href":"https:\/\/www.hcraontario.ca\/fr\/wp-json\/wp\/v2\/types\/page"}],"author":[{"embeddable":true,"href":"https:\/\/www.hcraontario.ca\/fr\/wp-json\/wp\/v2\/users\/1"}],"replies":[{"embeddable":true,"href":"https:\/\/www.hcraontario.ca\/fr\/wp-json\/wp\/v2\/comments?post=79"}],"version-history":[{"count":7,"href":"https:\/\/www.hcraontario.ca\/fr\/wp-json\/wp\/v2\/pages\/79\/revisions"}],"predecessor-version":[{"id":684,"href":"https:\/\/www.hcraontario.ca\/fr\/wp-json\/wp\/v2\/pages\/79\/revisions\/684"}],"wp:attachment":[{"href":"https:\/\/www.hcraontario.ca\/fr\/wp-json\/wp\/v2\/media?parent=79"}],"curies":[{"name":"wp","href":"https:\/\/api.w.org\/{rel}","templated":true}]}}