{"id":773,"date":"2025-10-16T13:55:47","date_gmt":"2025-10-16T17:55:47","guid":{"rendered":"https:\/\/www.hcraontario.ca\/fr\/?page_id=773"},"modified":"2025-11-24T16:35:20","modified_gmt":"2025-11-24T21:35:20","slug":"liste-de-verification-pour-le-formulaire-de-demande-de-renouvellement","status":"publish","type":"page","link":"https:\/\/www.hcraontario.ca\/fr\/liste-de-verification-pour-le-formulaire-de-demande-de-renouvellement\/","title":{"rendered":"Liste de v\u00e9rification pour le formulaire de demande de renouvellement"},"content":{"rendered":"\n<div style=\"background-color:var(--wp--custom--colors--primary-500)\" class=\"wp-block-zp4-hero alignfull is-style-cover\"><div class=\"hero\"><div class=\"content-container is-style-left\"><h1>Liste de v\u00e9rification pour le formulaire de demande de renouvellement<\/h1><p class=\"has-large-font-size\"><\/p>\n<div class=\"wp-block-buttons is-content-justification-left is-layout-flex wp-container-core-buttons-is-layout-fc4fd283 wp-block-buttons-is-layout-flex\">\n\n<\/div>\n<\/div><\/div><\/div>\n\n\n\n<p class=\"has-blue-color has-text-color has-link-color has-large-font-size wp-elements-67be933f9551d9a00017223135c4e47b\"><br><strong>Tous les demandeurs doivent fournir ce qui suit :<\/strong><\/p>\n\n\n\n<ul class=\"wp-block-list\">\n<li>Formulaire de demande de renouvellement d\u00fbment rempli<\/li>\n\n\n\n<li><a href=\"https:\/\/www.hcraontario.ca\/fr\/frais-pour-permis\/\">Frais<\/a> de renouvellement de permis<\/li>\n\n\n\n<li>Renseignements \u00e0 l\u2019appui des questions d\u2019auto-d\u00e9claration (le cas \u00e9ch\u00e9ant)<\/li>\n\n\n\n<li>V\u00e9rification de casier judiciaire et d\u2019affaires judiciaires pour chaque nouvel actionnaire, nouvel administrateur et nouveau dirigeant de l\u2019entreprise (effectu\u00e9e dans les six mois pr\u00e9c\u00e9dant la pr\u00e9sentation de la demande, par le <a href=\"https:\/\/pages.sterlingbackcheck.ca\/landing-pages\/h\/hcra\/\" target=\"_blank\" rel=\"noreferrer noopener\"><strong>fournisseur tiers de l\u2019ORCL<\/strong><\/a> ou un service de police municipal ou la Police provinciale de l\u2019Ontario).<\/li>\n\n\n\n<li><a href=\"https:\/\/www.hcraontario.ca\/fr\/wp-content\/uploads\/sites\/2\/2025\/10\/HCRA-Notice-of-Consent-Form_FR_edited.pdf\" target=\"_blank\" rel=\"noreferrer noopener\"><strong>Avis de v\u00e9rification des ant\u00e9c\u00e9dents et consentement de l\u2019ORCL<\/strong><\/a> d\u00fbment rempli par chaque nouvel actionnaire, nouvel administrateur et nouveau dirigeant de l\u2019entreprise.<\/li>\n\n\n\n<li>Pi\u00e8ce d\u2019identit\u00e9 avec photo (c.-\u00e0-d. un permis de conduire ou une pi\u00e8ce d\u2019identit\u00e9 d\u00e9livr\u00e9e par le gouvernement) pour chaque nouvel actionnaire, nouvel administrateur et nouveau dirigeant de l\u2019entreprise.<\/li>\n\n\n\n<li>Tout autre document appropri\u00e9 li\u00e9 \u00e0 toute modification du permis ou des actionnaires, administrateurs, dirigeants ou employ\u00e9s figurant sur le permis (voir la <a href=\"https:\/\/www.hcraontario.ca\/wp-content\/uploads\/2025\/09\/HCRA_RenewalFormInstructions_FR_2022_07_20.pdf\" target=\"_blank\" rel=\"noreferrer noopener\"><strong>Instructions relatives au formulaire de renouvellement<\/strong><\/a> pour obtenir des d\u00e9tails sur les documents requis, etc.).<br><\/li>\n<\/ul>\n\n\n\n<p class=\"has-light-blue-background-color has-background\" style=\"margin-top:0;margin-bottom:0\"><strong>CLIQUEZ SUR LE BOUTON \u00ab SOUMETTRE \u00bb POUR ASSURER LA TRANSMISSION DE VOTRE DEMANDE<\/strong><br><br>Remarque : Vous recevrez un courriel de confirmation apr\u00e8s avoir soumis votre demande. Si vous ne recevez pas de courriel de confirmation, v\u00e9rifiez que vous avez cliqu\u00e9 sur \u00ab Soumettre \u00bb apr\u00e8s avoir effectu\u00e9 votre paiement. Si vous ne recevez pas le courriel de confirmation et que vous avez soumis la demande, communiquez avec le service \u00e0 la client\u00e8le par courriel \u00e0 l\u2019adresse info@hcraontario.ca ou par t\u00e9l\u00e9phone au 416 487 4272.<br><br>Reportez-vous aux <a href=\"https:\/\/www.hcraontario.ca\/wp-content\/uploads\/2025\/09\/HCRA_RenewalFormInstructions_FR_2022_07_20.pdf\" target=\"_blank\" rel=\"noreferrer noopener\"><strong><a href=\"https:\/\/www.hcraontario.ca\/wp-content\/uploads\/2025\/09\/HCRA_RenewalFormInstructions_FR_2022_07_20.pdf\" target=\"_blank\" rel=\"noreferrer noopener\">Instructions relatives au formulaire de renouvellement<\/a><\/strong><\/a> pour obtenir des directives plus d\u00e9taill\u00e9es.<br><br>Pour en savoir plus sur le processus de demande et de renouvellement de permis, consultez les <a href=\"https:\/\/builderportal.hcraontario.ca\/fr-FR\/overview\/faq\/\" target=\"_blank\" rel=\"noreferrer noopener\">Questions fr\u00e9quemment pos\u00e9es<\/a> pour les constructeurs et les vendeurs.<br><\/p>\n\n\n\n<p><br><br><\/p>\n","protected":false},"excerpt":{"rendered":"<p>Tous les demandeurs doivent fournir ce qui suit : CLIQUEZ SUR LE BOUTON \u00ab SOUMETTRE \u00bb POUR ASSURER LA TRANSMISSION DE VOTRE DEMANDE Remarque : Vous recevrez un courriel de confirmation apr\u00e8s avoir soumis votre demande. Si vous ne recevez pas de courriel de confirmation, v\u00e9rifiez que vous avez cliqu\u00e9 sur \u00ab Soumettre \u00bb apr\u00e8s [&hellip;]<\/p>\n","protected":false},"author":6,"featured_media":0,"parent":0,"menu_order":0,"comment_status":"closed","ping_status":"closed","template":"","meta":{"footnotes":""},"class_list":["post-773","page","type-page","status-publish","hentry"],"yoast_head":"<!-- This site is optimized with the Yoast SEO plugin v27.4 - https:\/\/yoast.com\/product\/yoast-seo-wordpress\/ -->\n<title>Liste de v\u00e9rification pour le formulaire de demande de renouvellement - L&#039;Office de r\u00e9glementation de la construction des logements<\/title>\n<meta name=\"robots\" content=\"noindex, follow, max-snippet:-1, max-image-preview:large, max-video-preview:-1\" \/>\n<meta property=\"og:locale\" content=\"fr_CA\" \/>\n<meta property=\"og:type\" content=\"article\" \/>\n<meta property=\"og:title\" content=\"Liste de v\u00e9rification pour le formulaire de demande de renouvellement - L&#039;Office de r\u00e9glementation de la construction des logements\" \/>\n<meta property=\"og:description\" content=\"Tous les demandeurs doivent fournir ce qui suit : CLIQUEZ SUR LE BOUTON \u00ab SOUMETTRE \u00bb POUR ASSURER LA TRANSMISSION DE VOTRE DEMANDE Remarque : Vous recevrez un courriel de confirmation apr\u00e8s avoir soumis votre demande. Si vous ne recevez pas de courriel de confirmation, v\u00e9rifiez que vous avez cliqu\u00e9 sur \u00ab Soumettre \u00bb apr\u00e8s [&hellip;]\" \/>\n<meta property=\"og:url\" content=\"https:\/\/www.hcraontario.ca\/fr\/liste-de-verification-pour-le-formulaire-de-demande-de-renouvellement\/\" \/>\n<meta property=\"og:site_name\" content=\"L&#039;Office de r\u00e9glementation de la construction des logements\" \/>\n<meta property=\"article:modified_time\" content=\"2025-11-24T21:35:20+00:00\" \/>\n<meta name=\"twitter:card\" content=\"summary_large_image\" \/>\n<meta name=\"twitter:label1\" content=\"Estimation du temps de lecture\" \/>\n\t<meta name=\"twitter:data1\" content=\"2 minutes\" \/>\n<script type=\"application\/ld+json\" class=\"yoast-schema-graph\">{\"@context\":\"https:\\\/\\\/schema.org\",\"@graph\":[{\"@type\":\"WebPage\",\"@id\":\"https:\\\/\\\/www.hcraontario.ca\\\/fr\\\/liste-de-verification-pour-le-formulaire-de-demande-de-renouvellement\\\/\",\"url\":\"https:\\\/\\\/www.hcraontario.ca\\\/fr\\\/liste-de-verification-pour-le-formulaire-de-demande-de-renouvellement\\\/\",\"name\":\"Liste de v\u00e9rification pour le formulaire de demande de renouvellement - L&#039;Office de r\u00e9glementation de la construction des logements\",\"isPartOf\":{\"@id\":\"https:\\\/\\\/www.hcraontario.ca\\\/fr\\\/#website\"},\"datePublished\":\"2025-10-16T17:55:47+00:00\",\"dateModified\":\"2025-11-24T21:35:20+00:00\",\"breadcrumb\":{\"@id\":\"https:\\\/\\\/www.hcraontario.ca\\\/fr\\\/liste-de-verification-pour-le-formulaire-de-demande-de-renouvellement\\\/#breadcrumb\"},\"inLanguage\":\"fr-CA\",\"potentialAction\":[{\"@type\":\"ReadAction\",\"target\":[\"https:\\\/\\\/www.hcraontario.ca\\\/fr\\\/liste-de-verification-pour-le-formulaire-de-demande-de-renouvellement\\\/\"]}]},{\"@type\":\"BreadcrumbList\",\"@id\":\"https:\\\/\\\/www.hcraontario.ca\\\/fr\\\/liste-de-verification-pour-le-formulaire-de-demande-de-renouvellement\\\/#breadcrumb\",\"itemListElement\":[{\"@type\":\"ListItem\",\"position\":1,\"name\":\"Home\",\"item\":\"https:\\\/\\\/www.hcraontario.ca\\\/fr\\\/\"},{\"@type\":\"ListItem\",\"position\":2,\"name\":\"Liste de v\u00e9rification pour le formulaire de demande de renouvellement\"}]},{\"@type\":\"WebSite\",\"@id\":\"https:\\\/\\\/www.hcraontario.ca\\\/fr\\\/#website\",\"url\":\"https:\\\/\\\/www.hcraontario.ca\\\/fr\\\/\",\"name\":\"L&#039;Office de r\u00e9glementation de la construction des logements\",\"description\":\"\",\"potentialAction\":[{\"@type\":\"SearchAction\",\"target\":{\"@type\":\"EntryPoint\",\"urlTemplate\":\"https:\\\/\\\/www.hcraontario.ca\\\/fr\\\/?s={search_term_string}\"},\"query-input\":{\"@type\":\"PropertyValueSpecification\",\"valueRequired\":true,\"valueName\":\"search_term_string\"}}],\"inLanguage\":\"fr-CA\"}]}<\/script>\n<!-- \/ Yoast SEO plugin. -->","yoast_head_json":{"title":"Liste de v\u00e9rification pour le formulaire de demande de renouvellement - L&#039;Office de r\u00e9glementation de la construction des logements","robots":{"index":"noindex","follow":"follow","max-snippet":"max-snippet:-1","max-image-preview":"max-image-preview:large","max-video-preview":"max-video-preview:-1"},"og_locale":"fr_CA","og_type":"article","og_title":"Liste de v\u00e9rification pour le formulaire de demande de renouvellement - L&#039;Office de r\u00e9glementation de la construction des logements","og_description":"Tous les demandeurs doivent fournir ce qui suit : CLIQUEZ SUR LE BOUTON \u00ab SOUMETTRE \u00bb POUR ASSURER LA TRANSMISSION DE VOTRE DEMANDE Remarque : Vous recevrez un courriel de confirmation apr\u00e8s avoir soumis votre demande. Si vous ne recevez pas de courriel de confirmation, v\u00e9rifiez que vous avez cliqu\u00e9 sur \u00ab Soumettre \u00bb apr\u00e8s [&hellip;]","og_url":"https:\/\/www.hcraontario.ca\/fr\/liste-de-verification-pour-le-formulaire-de-demande-de-renouvellement\/","og_site_name":"L&#039;Office de r\u00e9glementation de la construction des logements","article_modified_time":"2025-11-24T21:35:20+00:00","twitter_card":"summary_large_image","twitter_misc":{"Estimation du temps de lecture":"2 minutes"},"schema":{"@context":"https:\/\/schema.org","@graph":[{"@type":"WebPage","@id":"https:\/\/www.hcraontario.ca\/fr\/liste-de-verification-pour-le-formulaire-de-demande-de-renouvellement\/","url":"https:\/\/www.hcraontario.ca\/fr\/liste-de-verification-pour-le-formulaire-de-demande-de-renouvellement\/","name":"Liste de v\u00e9rification pour le formulaire de demande de renouvellement - L&#039;Office de r\u00e9glementation de la construction des logements","isPartOf":{"@id":"https:\/\/www.hcraontario.ca\/fr\/#website"},"datePublished":"2025-10-16T17:55:47+00:00","dateModified":"2025-11-24T21:35:20+00:00","breadcrumb":{"@id":"https:\/\/www.hcraontario.ca\/fr\/liste-de-verification-pour-le-formulaire-de-demande-de-renouvellement\/#breadcrumb"},"inLanguage":"fr-CA","potentialAction":[{"@type":"ReadAction","target":["https:\/\/www.hcraontario.ca\/fr\/liste-de-verification-pour-le-formulaire-de-demande-de-renouvellement\/"]}]},{"@type":"BreadcrumbList","@id":"https:\/\/www.hcraontario.ca\/fr\/liste-de-verification-pour-le-formulaire-de-demande-de-renouvellement\/#breadcrumb","itemListElement":[{"@type":"ListItem","position":1,"name":"Home","item":"https:\/\/www.hcraontario.ca\/fr\/"},{"@type":"ListItem","position":2,"name":"Liste de v\u00e9rification pour le formulaire de demande de renouvellement"}]},{"@type":"WebSite","@id":"https:\/\/www.hcraontario.ca\/fr\/#website","url":"https:\/\/www.hcraontario.ca\/fr\/","name":"L&#039;Office de r\u00e9glementation de la construction des logements","description":"","potentialAction":[{"@type":"SearchAction","target":{"@type":"EntryPoint","urlTemplate":"https:\/\/www.hcraontario.ca\/fr\/?s={search_term_string}"},"query-input":{"@type":"PropertyValueSpecification","valueRequired":true,"valueName":"search_term_string"}}],"inLanguage":"fr-CA"}]}},"_links":{"self":[{"href":"https:\/\/www.hcraontario.ca\/fr\/wp-json\/wp\/v2\/pages\/773","targetHints":{"allow":["GET"]}}],"collection":[{"href":"https:\/\/www.hcraontario.ca\/fr\/wp-json\/wp\/v2\/pages"}],"about":[{"href":"https:\/\/www.hcraontario.ca\/fr\/wp-json\/wp\/v2\/types\/page"}],"author":[{"embeddable":true,"href":"https:\/\/www.hcraontario.ca\/fr\/wp-json\/wp\/v2\/users\/6"}],"replies":[{"embeddable":true,"href":"https:\/\/www.hcraontario.ca\/fr\/wp-json\/wp\/v2\/comments?post=773"}],"version-history":[{"count":16,"href":"https:\/\/www.hcraontario.ca\/fr\/wp-json\/wp\/v2\/pages\/773\/revisions"}],"predecessor-version":[{"id":866,"href":"https:\/\/www.hcraontario.ca\/fr\/wp-json\/wp\/v2\/pages\/773\/revisions\/866"}],"wp:attachment":[{"href":"https:\/\/www.hcraontario.ca\/fr\/wp-json\/wp\/v2\/media?parent=773"}],"curies":[{"name":"wp","href":"https:\/\/api.w.org\/{rel}","templated":true}]}}