{"id":761,"date":"2025-10-16T13:48:28","date_gmt":"2025-10-16T17:48:28","guid":{"rendered":"https:\/\/www.hcraontario.ca\/fr\/?page_id=761"},"modified":"2025-11-24T16:35:45","modified_gmt":"2025-11-24T21:35:45","slug":"liste-de-verification-pour-le-formulaire-de-nouvelle-demande","status":"publish","type":"page","link":"https:\/\/www.hcraontario.ca\/fr\/liste-de-verification-pour-le-formulaire-de-nouvelle-demande\/","title":{"rendered":"Liste de v\u00e9rification pour le formulaire de nouvelle demande"},"content":{"rendered":"\n<div style=\"background-color:var(--wp--custom--colors--primary-500)\" class=\"wp-block-zp4-hero alignfull is-style-cover\"><div class=\"hero\"><div class=\"content-container is-style-left\"><h1>Liste de v\u00e9rification pour le formulaire de nouvelle demande<\/h1><p class=\"has-large-font-size\"><\/p>\n<div class=\"wp-block-buttons is-content-justification-left is-layout-flex wp-container-core-buttons-is-layout-fc4fd283 wp-block-buttons-is-layout-flex\">\n\n<\/div>\n<\/div><\/div><\/div>\n\n\n\n<h5 class=\"wp-block-heading has-blue-color has-text-color has-link-color wp-elements-6ca731647d9e6dbe33ed2f315176452b\"><strong>Tous les demandeurs doivent fournir ce qui suit :<\/strong><\/h5>\n\n\n\n<ul class=\"wp-block-list\">\n<li>Formulaire de demande d\u00fbment rempli<\/li>\n\n\n\n<li>D\u00e9clarations de r\u00e9ussite des cours de comp\u00e9tence exig\u00e9s pr\u00e9sent\u00e9es directement \u00e0 l\u2019ORCL par le ou les fournisseurs de services de formation (<a href=\"https:\/\/training.algonquincollege.com\/fr\/group\/home-construction-regulatory-authority-courses-exams-fr\/\" target=\"_blank\" rel=\"noreferrer noopener\"><strong>Coll\u00e8ge&nbsp;Algonquin<\/strong><\/a>, ou <a href=\"https:\/\/learn.phbi.ca\/on\/s\/category\/courses\/exam-challenge\/0ZGAf00000001irOAA?c__results_layout_state=%7B%7D\" target=\"_blank\" rel=\"noreferrer noopener\"><strong>Training&nbsp;Ontario<\/strong><\/a>, ou <a href=\"https:\/\/www.trainingbuilders.ca\/\" target=\"_blank\" rel=\"noreferrer noopener\"><strong>buildABILITY<\/strong><\/a> (le cas \u00e9ch\u00e9ant)<\/li>\n\n\n\n<li>Avis ou lettre de l\u2019ORCL confirmant que des \u00e9quivalences de cours de comp\u00e9tence ont \u00e9t\u00e9 accord\u00e9es (le cas \u00e9ch\u00e9ant)<\/li>\n\n\n\n<li>Frais de demande de permis<\/li>\n\n\n\n<li>V\u00e9rification de casier judiciaire et d\u2019affaires judiciaires pour chaque actionnaire, administrateur et dirigeant de l\u2019entreprise (effectu\u00e9e dans les six mois pr\u00e9c\u00e9dant la pr\u00e9sentation de la demande, par le <a href=\"https:\/\/pages.sterlingbackcheck.ca\/landing-pages\/h\/hcra\/\" target=\"_blank\" rel=\"noreferrer noopener\"><strong>fournisseur tiers de l\u2019ORCL<\/strong><\/a> ou un service de police municipal ou la Police provinciale de l\u2019Ontario).<\/li>\n\n\n\n<li><a href=\"https:\/\/www.hcraontario.ca\/fr\/wp-content\/uploads\/sites\/2\/2025\/10\/HCRA-Notice-of-Consent-Form_FR_edited.pdf\" target=\"_blank\" rel=\"noreferrer noopener\"><strong>Avis de v\u00e9rification des ant\u00e9c\u00e9dents et consentement de l\u2019ORCL<\/strong><\/a> d\u00fbment rempli par chaque actionnaire, administrateur et dirigeant de l\u2019entreprise.<\/li>\n\n\n\n<li>Pi\u00e8ce d\u2019identit\u00e9 avec photo (c.-\u00e0-d. un permis de conduire ou une pi\u00e8ce d\u2019identit\u00e9 d\u00e9livr\u00e9e par le gouvernement) pour chaque actionnaire, administrateur et dirigeant de l\u2019entreprise.<\/li>\n\n\n\n<li>Enregistrement du nom de l\u2019entreprise (auparavant appel\u00e9e Licence principale d\u2019entreprise d\u00e9pos\u00e9e aupr\u00e8s du gouvernement de l\u2019Ontario) (le cas \u00e9ch\u00e9ant)<\/li>\n\n\n\n<li>Documents de lib\u00e9ration de faillite (le cas \u00e9ch\u00e9ant)<\/li>\n\n\n\n<li>Renseignements \u00e0 l\u2019appui des questions de la d\u00e9claration (le cas \u00e9ch\u00e9ant)<\/li>\n<\/ul>\n\n\n\n<p class=\"has-blue-color has-text-color has-link-color has-large-font-size wp-elements-392af313e2da52c813084ffbbbe447c6\"><br><strong>Documents additionnels<\/strong><\/p>\n\n\n\n<p class=\"has-large-font-size\"><strong>Entreprises :<\/strong><\/p>\n\n\n\n<ul class=\"wp-block-list\">\n<li>Rapport sur le profil de l\u2019entreprise<\/li>\n\n\n\n<li>Statuts constitutifs ou certificat de constitution<\/li>\n\n\n\n<li>Statuts de modification (le cas \u00e9ch\u00e9ant)<\/li>\n\n\n\n<li>Registre des actionnaires, convention d\u2019actionnaires, certificat(s) d\u2019actionnaire(s) ou D\u00e9claration de revenus des soci\u00e9t\u00e9s T2 \u2013 Annexe 50<\/li>\n\n\n\n<li>Formulaire&nbsp;1 \u2013&nbsp;Rapport initial\/Avis de modification des administrateurs et dirigeants du demandeur (le cas \u00e9ch\u00e9ant)<\/li>\n<\/ul>\n\n\n\n<p class=\"has-large-font-size\"><strong>Partenariats ou coentreprises :<\/strong><\/p>\n\n\n\n<ul class=\"wp-block-list\">\n<li>Convention de soci\u00e9t\u00e9 en commandite<\/li>\n\n\n\n<li>Rapport sur la soci\u00e9t\u00e9 en commandite<\/li>\n\n\n\n<li>Formulaire de d\u00e9claration 3 en vertu de la Loi sur les soci\u00e9t\u00e9s en commandite<\/li>\n\n\n\n<li>Statuts constitutifs de l\u2019associ\u00e9 commandit\u00e9 (le cas \u00e9ch\u00e9ant)<\/li>\n\n\n\n<li>Rapport sur le profil d\u2019entreprise de l\u2019associ\u00e9 commandit\u00e9 (le cas \u00e9ch\u00e9ant)<\/li>\n<\/ul>\n\n\n\n<p class=\"has-light-blue-background-color has-background\"><br><strong>CLIQUEZ SUR LE BOUTON \u00ab SOUMETTRE \u00bb POUR ASSURER LA TRANSMISSION DE VOTRE DEMANDE<\/strong><br><a><br><\/a>Remarque : Vous recevrez un courriel de confirmation apr\u00e8s avoir soumis votre demande. Si vous ne recevez pas de courriel de confirmation, v\u00e9rifiez que vous avez cliqu\u00e9 sur \u00ab Soumettre \u00bb apr\u00e8s avoir effectu\u00e9 votre paiement. Si vous ne recevez pas le courriel de confirmation et que vous avez soumis la demande, communiquez avec le service \u00e0 la client\u00e8le par courriel \u00e0 l\u2019adresse info@hcraontario.ca ou par t\u00e9l\u00e9phone au 416 487 4272.<br><br>Reportez-vous aux <a href=\"https:\/\/www.hcraontario.ca\/wp-content\/uploads\/2025\/09\/HCRA_NewApplicationFormInstructions_FR_2022_07_20.pdf\" target=\"_blank\" rel=\"noreferrer noopener\">Instructions pour le formulaire pr\u00e9vu aux nouvelles demandes<\/a> pour obtenir des directives plus d\u00e9taill\u00e9es.<br><br><\/p>\n\n\n\n<p><br><br><\/p>\n\n\n\n<p><\/p>\n","protected":false},"excerpt":{"rendered":"<p>Tous les demandeurs doivent fournir ce qui suit : Documents additionnels Entreprises : Partenariats ou coentreprises : CLIQUEZ SUR LE BOUTON \u00ab SOUMETTRE \u00bb POUR ASSURER LA TRANSMISSION DE VOTRE DEMANDERemarque : Vous recevrez un courriel de confirmation apr\u00e8s avoir soumis votre demande. Si vous ne recevez pas de courriel de confirmation, v\u00e9rifiez que vous [&hellip;]<\/p>\n","protected":false},"author":6,"featured_media":0,"parent":0,"menu_order":0,"comment_status":"closed","ping_status":"closed","template":"","meta":{"footnotes":""},"class_list":["post-761","page","type-page","status-publish","hentry"],"yoast_head":"<!-- This site is optimized with the Yoast SEO plugin v27.3 - https:\/\/yoast.com\/product\/yoast-seo-wordpress\/ -->\n<title>Liste de v\u00e9rification pour le formulaire de nouvelle demande - L&#039;Office de r\u00e9glementation de la construction des logements<\/title>\n<meta name=\"robots\" content=\"noindex, follow, max-snippet:-1, max-image-preview:large, max-video-preview:-1\" \/>\n<meta property=\"og:locale\" content=\"fr_CA\" \/>\n<meta property=\"og:type\" content=\"article\" \/>\n<meta property=\"og:title\" content=\"Liste de v\u00e9rification pour le formulaire de nouvelle demande - L&#039;Office de r\u00e9glementation de la construction des logements\" \/>\n<meta property=\"og:description\" content=\"Tous les demandeurs doivent fournir ce qui suit : Documents additionnels Entreprises : Partenariats ou coentreprises : CLIQUEZ SUR LE BOUTON \u00ab SOUMETTRE \u00bb POUR ASSURER LA TRANSMISSION DE VOTRE DEMANDERemarque : Vous recevrez un courriel de confirmation apr\u00e8s avoir soumis votre demande. Si vous ne recevez pas de courriel de confirmation, v\u00e9rifiez que vous [&hellip;]\" \/>\n<meta property=\"og:url\" content=\"https:\/\/www.hcraontario.ca\/fr\/liste-de-verification-pour-le-formulaire-de-nouvelle-demande\/\" \/>\n<meta property=\"og:site_name\" content=\"L&#039;Office de r\u00e9glementation de la construction des logements\" \/>\n<meta property=\"article:modified_time\" content=\"2025-11-24T21:35:45+00:00\" \/>\n<meta name=\"twitter:card\" content=\"summary_large_image\" \/>\n<meta name=\"twitter:label1\" content=\"Estimation du temps de lecture\" \/>\n\t<meta name=\"twitter:data1\" content=\"3 minutes\" \/>\n<script type=\"application\/ld+json\" class=\"yoast-schema-graph\">{\"@context\":\"https:\\\/\\\/schema.org\",\"@graph\":[{\"@type\":\"WebPage\",\"@id\":\"https:\\\/\\\/www.hcraontario.ca\\\/fr\\\/liste-de-verification-pour-le-formulaire-de-nouvelle-demande\\\/\",\"url\":\"https:\\\/\\\/www.hcraontario.ca\\\/fr\\\/liste-de-verification-pour-le-formulaire-de-nouvelle-demande\\\/\",\"name\":\"Liste de v\u00e9rification pour le formulaire de nouvelle demande - L&#039;Office de r\u00e9glementation de la construction des logements\",\"isPartOf\":{\"@id\":\"https:\\\/\\\/www.hcraontario.ca\\\/fr\\\/#website\"},\"datePublished\":\"2025-10-16T17:48:28+00:00\",\"dateModified\":\"2025-11-24T21:35:45+00:00\",\"breadcrumb\":{\"@id\":\"https:\\\/\\\/www.hcraontario.ca\\\/fr\\\/liste-de-verification-pour-le-formulaire-de-nouvelle-demande\\\/#breadcrumb\"},\"inLanguage\":\"fr-CA\",\"potentialAction\":[{\"@type\":\"ReadAction\",\"target\":[\"https:\\\/\\\/www.hcraontario.ca\\\/fr\\\/liste-de-verification-pour-le-formulaire-de-nouvelle-demande\\\/\"]}]},{\"@type\":\"BreadcrumbList\",\"@id\":\"https:\\\/\\\/www.hcraontario.ca\\\/fr\\\/liste-de-verification-pour-le-formulaire-de-nouvelle-demande\\\/#breadcrumb\",\"itemListElement\":[{\"@type\":\"ListItem\",\"position\":1,\"name\":\"Home\",\"item\":\"https:\\\/\\\/www.hcraontario.ca\\\/fr\\\/\"},{\"@type\":\"ListItem\",\"position\":2,\"name\":\"Liste de v\u00e9rification pour le formulaire de nouvelle demande\"}]},{\"@type\":\"WebSite\",\"@id\":\"https:\\\/\\\/www.hcraontario.ca\\\/fr\\\/#website\",\"url\":\"https:\\\/\\\/www.hcraontario.ca\\\/fr\\\/\",\"name\":\"L&#039;Office de r\u00e9glementation de la construction des logements\",\"description\":\"\",\"potentialAction\":[{\"@type\":\"SearchAction\",\"target\":{\"@type\":\"EntryPoint\",\"urlTemplate\":\"https:\\\/\\\/www.hcraontario.ca\\\/fr\\\/?s={search_term_string}\"},\"query-input\":{\"@type\":\"PropertyValueSpecification\",\"valueRequired\":true,\"valueName\":\"search_term_string\"}}],\"inLanguage\":\"fr-CA\"}]}<\/script>\n<!-- \/ Yoast SEO plugin. -->","yoast_head_json":{"title":"Liste de v\u00e9rification pour le formulaire de nouvelle demande - L&#039;Office de r\u00e9glementation de la construction des logements","robots":{"index":"noindex","follow":"follow","max-snippet":"max-snippet:-1","max-image-preview":"max-image-preview:large","max-video-preview":"max-video-preview:-1"},"og_locale":"fr_CA","og_type":"article","og_title":"Liste de v\u00e9rification pour le formulaire de nouvelle demande - L&#039;Office de r\u00e9glementation de la construction des logements","og_description":"Tous les demandeurs doivent fournir ce qui suit : Documents additionnels Entreprises : Partenariats ou coentreprises : CLIQUEZ SUR LE BOUTON \u00ab SOUMETTRE \u00bb POUR ASSURER LA TRANSMISSION DE VOTRE DEMANDERemarque : Vous recevrez un courriel de confirmation apr\u00e8s avoir soumis votre demande. Si vous ne recevez pas de courriel de confirmation, v\u00e9rifiez que vous [&hellip;]","og_url":"https:\/\/www.hcraontario.ca\/fr\/liste-de-verification-pour-le-formulaire-de-nouvelle-demande\/","og_site_name":"L&#039;Office de r\u00e9glementation de la construction des logements","article_modified_time":"2025-11-24T21:35:45+00:00","twitter_card":"summary_large_image","twitter_misc":{"Estimation du temps de lecture":"3 minutes"},"schema":{"@context":"https:\/\/schema.org","@graph":[{"@type":"WebPage","@id":"https:\/\/www.hcraontario.ca\/fr\/liste-de-verification-pour-le-formulaire-de-nouvelle-demande\/","url":"https:\/\/www.hcraontario.ca\/fr\/liste-de-verification-pour-le-formulaire-de-nouvelle-demande\/","name":"Liste de v\u00e9rification pour le formulaire de nouvelle demande - L&#039;Office de r\u00e9glementation de la construction des logements","isPartOf":{"@id":"https:\/\/www.hcraontario.ca\/fr\/#website"},"datePublished":"2025-10-16T17:48:28+00:00","dateModified":"2025-11-24T21:35:45+00:00","breadcrumb":{"@id":"https:\/\/www.hcraontario.ca\/fr\/liste-de-verification-pour-le-formulaire-de-nouvelle-demande\/#breadcrumb"},"inLanguage":"fr-CA","potentialAction":[{"@type":"ReadAction","target":["https:\/\/www.hcraontario.ca\/fr\/liste-de-verification-pour-le-formulaire-de-nouvelle-demande\/"]}]},{"@type":"BreadcrumbList","@id":"https:\/\/www.hcraontario.ca\/fr\/liste-de-verification-pour-le-formulaire-de-nouvelle-demande\/#breadcrumb","itemListElement":[{"@type":"ListItem","position":1,"name":"Home","item":"https:\/\/www.hcraontario.ca\/fr\/"},{"@type":"ListItem","position":2,"name":"Liste de v\u00e9rification pour le formulaire de nouvelle demande"}]},{"@type":"WebSite","@id":"https:\/\/www.hcraontario.ca\/fr\/#website","url":"https:\/\/www.hcraontario.ca\/fr\/","name":"L&#039;Office de r\u00e9glementation de la construction des logements","description":"","potentialAction":[{"@type":"SearchAction","target":{"@type":"EntryPoint","urlTemplate":"https:\/\/www.hcraontario.ca\/fr\/?s={search_term_string}"},"query-input":{"@type":"PropertyValueSpecification","valueRequired":true,"valueName":"search_term_string"}}],"inLanguage":"fr-CA"}]}},"_links":{"self":[{"href":"https:\/\/www.hcraontario.ca\/fr\/wp-json\/wp\/v2\/pages\/761","targetHints":{"allow":["GET"]}}],"collection":[{"href":"https:\/\/www.hcraontario.ca\/fr\/wp-json\/wp\/v2\/pages"}],"about":[{"href":"https:\/\/www.hcraontario.ca\/fr\/wp-json\/wp\/v2\/types\/page"}],"author":[{"embeddable":true,"href":"https:\/\/www.hcraontario.ca\/fr\/wp-json\/wp\/v2\/users\/6"}],"replies":[{"embeddable":true,"href":"https:\/\/www.hcraontario.ca\/fr\/wp-json\/wp\/v2\/comments?post=761"}],"version-history":[{"count":8,"href":"https:\/\/www.hcraontario.ca\/fr\/wp-json\/wp\/v2\/pages\/761\/revisions"}],"predecessor-version":[{"id":771,"href":"https:\/\/www.hcraontario.ca\/fr\/wp-json\/wp\/v2\/pages\/761\/revisions\/771"}],"wp:attachment":[{"href":"https:\/\/www.hcraontario.ca\/fr\/wp-json\/wp\/v2\/media?parent=761"}],"curies":[{"name":"wp","href":"https:\/\/api.w.org\/{rel}","templated":true}]}}