{"id":711,"date":"2025-10-09T08:57:50","date_gmt":"2025-10-09T12:57:50","guid":{"rendered":"https:\/\/www.hcraontario.ca\/fr\/?page_id=711"},"modified":"2025-11-24T16:33:44","modified_gmt":"2025-11-24T21:33:44","slug":"divulgation-de-la-remuneration","status":"publish","type":"page","link":"https:\/\/www.hcraontario.ca\/fr\/divulgation-de-la-remuneration\/","title":{"rendered":"Divulgation de la r\u00e9mun\u00e9ration"},"content":{"rendered":"\n<div style=\"background-color:var(--wp--custom--colors--primary-500)\" class=\"wp-block-zp4-hero alignfull is-style-cover\"><div class=\"hero\"><div class=\"content-container is-style-center\"><h1>Divulgation de la r\u00e9mun\u00e9ration<\/h1><p class=\"has-large-font-size\"><\/p>\n<div class=\"wp-block-buttons is-content-justification-left is-layout-flex wp-container-core-buttons-is-layout-fc4fd283 wp-block-buttons-is-layout-flex\">\n\n<\/div>\n<\/div><\/div><\/div>\n\n\n\n<div class=\"wp-block-zp4-group\" style=\"padding-top:var(--wp--preset--spacing--50);padding-bottom:var(--wp--preset--spacing--90)\"><div class=\"layout-container\" style=\"gap:var(--wp--preset--spacing--30)\">\n<div class=\"wp-block-columns is-layout-flex wp-container-core-columns-is-layout-cf05694f wp-block-columns-is-layout-flex\">\n<div class=\"wp-block-column is-layout-flow wp-block-column-is-layout-flow\" style=\"flex-basis:23.33%\">\n<nav class=\"has-small-font-size wp-block-zp4-navigation\" aria-label=\"\u00c0 propos de nous\"\n\t\t\t\t\t\t\t\t\t\tdata-inline-menu-is-current-menu-expanded=\"false\">\n\t<ul class=\"dropdown menu\" data-a11y-dropdown-menu><li id=\"menu-item-54\" class=\"menu-item menu-item-type-post_type menu-item-object-page\"><a href=\"https:\/\/www.hcraontario.ca\/fr\/ce-que-nous-faisons\/\">Ce que nous faisons<\/a><\/li>\n<li id=\"menu-item-52\" class=\"menu-item menu-item-type-post_type menu-item-object-page\"><a href=\"https:\/\/www.hcraontario.ca\/fr\/plans-denterprise-et-rapports\/\">Plans d\u2019entreprise et rapports<\/a><\/li>\n<li id=\"menu-item-53\" class=\"menu-item menu-item-type-post_type menu-item-object-page\"><a href=\"https:\/\/www.hcraontario.ca\/fr\/by-laws-policies\/\">R\u00e8glements et politiques<\/a><\/li>\n<li id=\"menu-item-809\" class=\"menu-item menu-item-type-post_type menu-item-object-page\"><a href=\"https:\/\/www.hcraontario.ca\/fr\/audit-de-performance-de-lorcl\/\">Audit de performance de l\u2019ORCL<\/a><\/li>\n<\/ul><\/nav>\n<\/div>\n\n\n\n<div class=\"wp-block-column is-layout-flow wp-block-column-is-layout-flow\" style=\"flex-basis:76.66%\">\n<p>Conform\u00e9ment \u00e0 la Loi de 2017 sur l\u2019agr\u00e9ment en mati\u00e8re de construction de logements neufs,&nbsp;<a href=\"https:\/\/www.ontario.ca\/fr\/lois\/reglement\/200628\" target=\"_blank\" rel=\"noreferrer noopener\">R\u00e8glement de l\u2019Ontario 628\/20<\/a>&nbsp;l\u2019Office de r\u00e9glementation de la construction des logements (ORCL) fournit la ventilation suivante de la r\u00e9mun\u00e9ration de 2024 pour le conseil d\u2019administration et l\u2019\u00e9quipe de la haute direction de l\u2019ORCL.<\/p>\n\n\n\n<p class=\"has-blue-color has-text-color has-link-color has-large-font-size wp-elements-7778fa8b246e8f251e7109b229f3654e\"><strong>Divulgation de la r\u00e9mun\u00e9ration pour 2024: Conseil d&rsquo;aministration de l&rsquo;orcl<\/strong><\/p>\n\n\n\n<figure class=\"wp-block-table\"><table class=\"has-fixed-layout\"><tbody><tr><td><strong><strong>Poste<\/strong><\/strong><\/td><td><strong><strong>Nombre<\/strong><\/strong><\/td><td><strong>R\u00e9mun\u00e9ration journali\u00e8re&nbsp;($)<\/strong><\/td><td><strong>R\u00e9mun\u00e9ration totale gagn\u00e9e ($)<\/strong><\/td><td><strong>Fraction de l\u2019ann\u00e9e o\u00f9 le poste a \u00e9t\u00e9 occup\u00e9 (%)<\/strong><\/td><\/tr><tr><td>Pr\u00e9sident<\/td><td>1<\/td><td>23,117.50 $<\/td><td>23,117.50 $<\/td><td>70%<\/td><\/tr><tr><td>Pr\u00e9sident<\/td><td>1<\/td><td>2,287.50 $<\/td><td>2,287.50 $<\/td><td>30%<\/td><\/tr><tr><td>Vice-pr\u00e9sident<\/td><td>1<\/td><td>13,300.00 $<\/td><td>13,300.00 $<\/td><td>70%<\/td><\/tr><tr><td>Vice-pr\u00e9sident<\/td><td>1<\/td><td>1,980.00 $<\/td><td>1,980.00 $<\/td><td>30%<\/td><\/tr><tr><td>Administrateur<\/td><td>1<\/td><td>9,907.50 $<\/td><td>9,907.50 $<\/td><td>30%<\/td><\/tr><tr><td>Administrateur<\/td><td>2<\/td><td>5,337.50 $<\/td><td>5,337.50 $<\/td><td>70%<\/td><\/tr><tr><td>Administrateur<\/td><td>3<\/td><td>4,620.00 $<\/td><td>4,620.00 $<\/td><td>70%<\/td><\/tr><tr><td>Administrateur<\/td><td>4<\/td><td>11,750.00 $<\/td><td>11,750.00 $<\/td><td>100%<\/td><\/tr><tr><td>Administrateur<\/td><td>5<\/td><td>5,250.00 $<\/td><td>5,250.00 $<\/td><td>100%<\/td><\/tr><tr><td>Administrateur<\/td><td>6<\/td><td>7,500.00 $<\/td><td>7,500.00 $<\/td><td>100%<\/td><\/tr><tr><td>Administrateur<\/td><td>7<\/td><td>6,025.00 $<\/td><td>6,025.00 $<\/td><td>70%<\/td><\/tr><tr><td>Administrateur<\/td><td>7<\/td><td>1,250.00 $<\/td><td>1,250.00 $<\/td><td>30%<\/td><\/tr><tr><td><strong>TOTAL<\/strong><\/td><td><strong>&nbsp;<\/strong><\/td><td><strong>92,325.00<\/strong> $<\/td><td><strong>92,325.00<\/strong> <strong>$<\/strong><\/td><td><strong>&nbsp;<\/strong><\/td><\/tr><\/tbody><\/table><\/figure>\n\n\n\n<p class=\"has-small-font-size\">Le Conseil d\u2019administration de l\u2019ORCL est responsable du leadership strat\u00e9gique et de la surveillance des activit\u00e9s de l\u2019ORCL. \u00c0 ces \u00e9gards, il est tenu de rendre compte aupr\u00e8s du ministre du rendement de l\u2019ORCL, par l\u2019entremise du pr\u00e9sident du Conseil d\u2019administration. Le Conseil d\u2019administration est compos\u00e9 de six personnes \u00e9lues par les membres du Conseil d\u2019administration et de trois membres nomm\u00e9s par le ministre des Services au public et aux entreprises et de l\u2019Approvisionnement.<\/p>\n\n\n\n<p class=\"has-blue-color has-text-color has-link-color has-large-font-size wp-elements-0ee4937ca2fc59acbbae3df62d1ef883\"><br><strong><strong>Divulgation de la r\u00e9mun\u00e9ration pour 2024:<\/strong> \u00c9quipe de la haute direction de l\u2019ORCL<\/strong><\/p>\n\n\n\n<figure class=\"wp-block-table has-small-font-size\"><table class=\"has-fixed-layout\"><tbody><tr><td class=\"has-text-align-center\" data-align=\"center\"><strong>Poste<\/strong><\/td><td><strong>Cat\u00e9gorie du poste<\/strong><\/td><td class=\"has-text-align-center\" data-align=\"center\"><strong>Nombre<\/strong><\/td><td><strong>R\u00e9mun\u00e9ration en esp\u00e8ces ($)<\/strong><\/td><td class=\"has-text-align-center\" data-align=\"center\"><strong>Pension et autres r\u00e9mun\u00e9rations ($)<\/strong><\/td><td><strong>R\u00e9mun\u00e9ration totale gagn\u00e9e ($)<\/strong><\/td><td class=\"has-text-align-center\" data-align=\"center\"><strong>Fraction de l\u2019ann\u00e9e o\u00f9 le poste a \u00e9t\u00e9 occup\u00e9 (%)<\/strong><\/td><\/tr><tr><td class=\"has-text-align-center\" data-align=\"center\">Directeur g\u00e9n\u00e9ral, registraire<\/td><td>1<\/td><td class=\"has-text-align-center\" data-align=\"center\">1<\/td><td>299,010.83 $<\/td><td class=\"has-text-align-center\" data-align=\"center\">7,623.86 $<\/td><td>306,634.69 $<\/td><td class=\"has-text-align-center\" data-align=\"center\">100%<\/td><\/tr><tr><td class=\"has-text-align-center\" data-align=\"center\" rowspan=\"7\">Registraire adjoint, directeurs 1<\/td><td rowspan=\"7\">5<\/td><td class=\"has-text-align-center\" data-align=\"center\">1<\/td><td>237,874.36 $<\/td><td class=\"has-text-align-center\" data-align=\"center\">11,558.09 $<\/td><td>249,432.45 $<\/td><td class=\"has-text-align-center\" data-align=\"center\">100%<\/td><\/tr><tr><td class=\"has-text-align-center\" data-align=\"center\">2<\/td><td>269,090.50 $<\/td><td class=\"has-text-align-center\" data-align=\"center\">13,017.29 $<\/td><td>282,107.79 $<\/td><td class=\"has-text-align-center\" data-align=\"center\">100%<\/td><\/tr><tr><td class=\"has-text-align-center\" data-align=\"center\">3<\/td><td>224,518.97 $<\/td><td class=\"has-text-align-center\" data-align=\"center\">11,017.66 $<\/td><td>235,536.63 $<\/td><td class=\"has-text-align-center\" data-align=\"center\">100%<\/td><\/tr><tr><td class=\"has-text-align-center\" data-align=\"center\">4<\/td><td>179,309.35 $<\/td><td class=\"has-text-align-center\" data-align=\"center\">8,299.29 $<\/td><td>187,608.64 $<\/td><td class=\"has-text-align-center\" data-align=\"center\">100%<\/td><\/tr><tr><td class=\"has-text-align-center\" data-align=\"center\">5<\/td><td>183,478.06 $<\/td><td class=\"has-text-align-center\" data-align=\"center\">8,995.71 $<\/td><td>192,473.77 $<\/td><td class=\"has-text-align-center\" data-align=\"center\">100%<\/td><\/tr><tr><td class=\"has-text-align-center\" data-align=\"center\">6<\/td><td>252,129.75 $<\/td><td class=\"has-text-align-center\" data-align=\"center\">12,476.14 $<\/td><td>264,605.89 $<\/td><td class=\"has-text-align-center\" data-align=\"center\">100%<\/td><\/tr><tr><td class=\"has-text-align-center\" data-align=\"center\">7<\/td><td>215,613.66 $<\/td><td class=\"has-text-align-center\" data-align=\"center\">10,768.33 $<\/td><td>226,381.99 $<\/td><td class=\"has-text-align-center\" data-align=\"center\">100%<\/td><\/tr><tr><td class=\"has-text-align-center\" data-align=\"center\"><strong>TOTAL<\/strong><\/td><td><strong>&nbsp;<\/strong><\/td><td class=\"has-text-align-center\" data-align=\"center\"><strong>&nbsp;<\/strong><\/td><td><strong>1,861,025.48 $<\/strong><\/td><td class=\"has-text-align-center\" data-align=\"center\"><strong>83,756.37<\/strong> <strong>$<\/strong><\/td><td><strong>1,944,781.85<\/strong> <strong>$<\/strong><\/td><td class=\"has-text-align-center\" data-align=\"center\"><strong>&nbsp;<\/strong><\/td><\/tr><\/tbody><\/table><\/figure>\n\n\n\n<p class=\"has-small-font-size\"><em>1 Cette cat\u00e9gorie comprend : registraire adjoint; directeur, Services int\u00e9gr\u00e9s; directrice, communications et relations avec les intervenants; directeur, TI\/GI; avocat g\u00e9n\u00e9ral; directeur de la recherche<\/em><\/p>\n\n\n\n<p><\/p>\n<\/div>\n<\/div>\n<\/div><\/div>\n","protected":false},"excerpt":{"rendered":"","protected":false},"author":6,"featured_media":0,"parent":0,"menu_order":0,"comment_status":"closed","ping_status":"closed","template":"","meta":{"footnotes":""},"class_list":["post-711","page","type-page","status-publish","hentry"],"yoast_head":"<!-- This site is optimized with the Yoast SEO plugin v27.4 - https:\/\/yoast.com\/product\/yoast-seo-wordpress\/ -->\n<title>Divulgation de la r\u00e9mun\u00e9ration - L&#039;Office de r\u00e9glementation de la construction des logements<\/title>\n<meta name=\"robots\" content=\"noindex, follow, max-snippet:-1, max-image-preview:large, max-video-preview:-1\" \/>\n<meta property=\"og:locale\" content=\"fr_CA\" \/>\n<meta property=\"og:type\" content=\"article\" \/>\n<meta property=\"og:title\" content=\"Divulgation de la r\u00e9mun\u00e9ration - L&#039;Office de r\u00e9glementation de la construction des logements\" \/>\n<meta property=\"og:url\" content=\"https:\/\/www.hcraontario.ca\/fr\/divulgation-de-la-remuneration\/\" \/>\n<meta property=\"og:site_name\" content=\"L&#039;Office de r\u00e9glementation de la construction des logements\" \/>\n<meta property=\"article:modified_time\" content=\"2025-11-24T21:33:44+00:00\" \/>\n<meta name=\"twitter:card\" content=\"summary_large_image\" \/>\n<meta name=\"twitter:label1\" content=\"Estimation du temps de lecture\" \/>\n\t<meta name=\"twitter:data1\" content=\"2 minutes\" \/>\n<script type=\"application\/ld+json\" class=\"yoast-schema-graph\">{\"@context\":\"https:\\\/\\\/schema.org\",\"@graph\":[{\"@type\":\"WebPage\",\"@id\":\"https:\\\/\\\/www.hcraontario.ca\\\/fr\\\/divulgation-de-la-remuneration\\\/\",\"url\":\"https:\\\/\\\/www.hcraontario.ca\\\/fr\\\/divulgation-de-la-remuneration\\\/\",\"name\":\"Divulgation de la r\u00e9mun\u00e9ration - L&#039;Office de r\u00e9glementation de la construction des logements\",\"isPartOf\":{\"@id\":\"https:\\\/\\\/www.hcraontario.ca\\\/fr\\\/#website\"},\"datePublished\":\"2025-10-09T12:57:50+00:00\",\"dateModified\":\"2025-11-24T21:33:44+00:00\",\"breadcrumb\":{\"@id\":\"https:\\\/\\\/www.hcraontario.ca\\\/fr\\\/divulgation-de-la-remuneration\\\/#breadcrumb\"},\"inLanguage\":\"fr-CA\",\"potentialAction\":[{\"@type\":\"ReadAction\",\"target\":[\"https:\\\/\\\/www.hcraontario.ca\\\/fr\\\/divulgation-de-la-remuneration\\\/\"]}]},{\"@type\":\"BreadcrumbList\",\"@id\":\"https:\\\/\\\/www.hcraontario.ca\\\/fr\\\/divulgation-de-la-remuneration\\\/#breadcrumb\",\"itemListElement\":[{\"@type\":\"ListItem\",\"position\":1,\"name\":\"Home\",\"item\":\"https:\\\/\\\/www.hcraontario.ca\\\/fr\\\/\"},{\"@type\":\"ListItem\",\"position\":2,\"name\":\"Divulgation de la r\u00e9mun\u00e9ration\"}]},{\"@type\":\"WebSite\",\"@id\":\"https:\\\/\\\/www.hcraontario.ca\\\/fr\\\/#website\",\"url\":\"https:\\\/\\\/www.hcraontario.ca\\\/fr\\\/\",\"name\":\"L&#039;Office de r\u00e9glementation de la construction des logements\",\"description\":\"\",\"potentialAction\":[{\"@type\":\"SearchAction\",\"target\":{\"@type\":\"EntryPoint\",\"urlTemplate\":\"https:\\\/\\\/www.hcraontario.ca\\\/fr\\\/?s={search_term_string}\"},\"query-input\":{\"@type\":\"PropertyValueSpecification\",\"valueRequired\":true,\"valueName\":\"search_term_string\"}}],\"inLanguage\":\"fr-CA\"}]}<\/script>\n<!-- \/ Yoast SEO plugin. -->","yoast_head_json":{"title":"Divulgation de la r\u00e9mun\u00e9ration - L&#039;Office de r\u00e9glementation de la construction des logements","robots":{"index":"noindex","follow":"follow","max-snippet":"max-snippet:-1","max-image-preview":"max-image-preview:large","max-video-preview":"max-video-preview:-1"},"og_locale":"fr_CA","og_type":"article","og_title":"Divulgation de la r\u00e9mun\u00e9ration - L&#039;Office de r\u00e9glementation de la construction des logements","og_url":"https:\/\/www.hcraontario.ca\/fr\/divulgation-de-la-remuneration\/","og_site_name":"L&#039;Office de r\u00e9glementation de la construction des logements","article_modified_time":"2025-11-24T21:33:44+00:00","twitter_card":"summary_large_image","twitter_misc":{"Estimation du temps de lecture":"2 minutes"},"schema":{"@context":"https:\/\/schema.org","@graph":[{"@type":"WebPage","@id":"https:\/\/www.hcraontario.ca\/fr\/divulgation-de-la-remuneration\/","url":"https:\/\/www.hcraontario.ca\/fr\/divulgation-de-la-remuneration\/","name":"Divulgation de la r\u00e9mun\u00e9ration - L&#039;Office de r\u00e9glementation de la construction des logements","isPartOf":{"@id":"https:\/\/www.hcraontario.ca\/fr\/#website"},"datePublished":"2025-10-09T12:57:50+00:00","dateModified":"2025-11-24T21:33:44+00:00","breadcrumb":{"@id":"https:\/\/www.hcraontario.ca\/fr\/divulgation-de-la-remuneration\/#breadcrumb"},"inLanguage":"fr-CA","potentialAction":[{"@type":"ReadAction","target":["https:\/\/www.hcraontario.ca\/fr\/divulgation-de-la-remuneration\/"]}]},{"@type":"BreadcrumbList","@id":"https:\/\/www.hcraontario.ca\/fr\/divulgation-de-la-remuneration\/#breadcrumb","itemListElement":[{"@type":"ListItem","position":1,"name":"Home","item":"https:\/\/www.hcraontario.ca\/fr\/"},{"@type":"ListItem","position":2,"name":"Divulgation de la r\u00e9mun\u00e9ration"}]},{"@type":"WebSite","@id":"https:\/\/www.hcraontario.ca\/fr\/#website","url":"https:\/\/www.hcraontario.ca\/fr\/","name":"L&#039;Office de r\u00e9glementation de la construction des logements","description":"","potentialAction":[{"@type":"SearchAction","target":{"@type":"EntryPoint","urlTemplate":"https:\/\/www.hcraontario.ca\/fr\/?s={search_term_string}"},"query-input":{"@type":"PropertyValueSpecification","valueRequired":true,"valueName":"search_term_string"}}],"inLanguage":"fr-CA"}]}},"_links":{"self":[{"href":"https:\/\/www.hcraontario.ca\/fr\/wp-json\/wp\/v2\/pages\/711","targetHints":{"allow":["GET"]}}],"collection":[{"href":"https:\/\/www.hcraontario.ca\/fr\/wp-json\/wp\/v2\/pages"}],"about":[{"href":"https:\/\/www.hcraontario.ca\/fr\/wp-json\/wp\/v2\/types\/page"}],"author":[{"embeddable":true,"href":"https:\/\/www.hcraontario.ca\/fr\/wp-json\/wp\/v2\/users\/6"}],"replies":[{"embeddable":true,"href":"https:\/\/www.hcraontario.ca\/fr\/wp-json\/wp\/v2\/comments?post=711"}],"version-history":[{"count":21,"href":"https:\/\/www.hcraontario.ca\/fr\/wp-json\/wp\/v2\/pages\/711\/revisions"}],"predecessor-version":[{"id":822,"href":"https:\/\/www.hcraontario.ca\/fr\/wp-json\/wp\/v2\/pages\/711\/revisions\/822"}],"wp:attachment":[{"href":"https:\/\/www.hcraontario.ca\/fr\/wp-json\/wp\/v2\/media?parent=711"}],"curies":[{"name":"wp","href":"https:\/\/api.w.org\/{rel}","templated":true}]}}