{"id":64,"date":"2025-07-02T09:43:29","date_gmt":"2025-07-02T13:43:29","guid":{"rendered":"https:\/\/www.hcraontario.ca\/fr\/?page_id=64"},"modified":"2025-11-24T13:44:38","modified_gmt":"2025-11-24T18:44:38","slug":"apre-lachat","status":"publish","type":"page","link":"https:\/\/www.hcraontario.ca\/fr\/apre-lachat\/","title":{"rendered":"Apr\u00e8s l\u2019achat"},"content":{"rendered":"\n<div style=\"background-color:var(--wp--custom--colors--primary-500)\" class=\"wp-block-zp4-hero alignfull is-style-cover\"><div class=\"hero\"><div class=\"content-container is-style-center\"><h1>Apr\u00e8s l\u2019achat<\/h1><p class=\"has-large-font-size\"><\/p>\n<div class=\"wp-block-buttons is-content-justification-left is-layout-flex wp-container-core-buttons-is-layout-fc4fd283 wp-block-buttons-is-layout-flex\">\n\n<\/div>\n<\/div><\/div><\/div>\n\n\n\n<div class=\"wp-block-zp4-group\" style=\"padding-top:var(--wp--preset--spacing--50);padding-bottom:var(--wp--preset--spacing--90)\"><div class=\"layout-container\" style=\"gap:var(--wp--preset--spacing--30)\">\n<div class=\"wp-block-columns is-layout-flex wp-container-core-columns-is-layout-cf05694f wp-block-columns-is-layout-flex\">\n<div class=\"wp-block-column is-layout-flow wp-block-column-is-layout-flow\" style=\"flex-basis:23.33%\">\n<nav class=\"has-small-font-size wp-block-zp4-navigation\" aria-label=\"Acheteurs de logements\"\n\t\t\t\t\t\t\t\t\t\tdata-inline-menu-is-current-menu-expanded=\"false\">\n\t<ul class=\"dropdown menu\" data-a11y-dropdown-menu><li id=\"menu-item-45\" class=\"menu-item menu-item-type-post_type menu-item-object-page\"><a href=\"https:\/\/www.hcraontario.ca\/fr\/attentes-a-legard-de-votre-constructeur\/\">Attentes \u00e0 l\u2019\u00e9gard de votre constructeur<\/a><\/li>\n<li id=\"menu-item-67\" class=\"menu-item menu-item-type-post_type menu-item-object-page\"><a href=\"https:\/\/www.hcraontario.ca\/fr\/avant-dacheter\/\">Avant d\u2019acheter<\/a><\/li>\n<li id=\"menu-item-66\" class=\"menu-item menu-item-type-post_type menu-item-object-page\"><a href=\"https:\/\/www.hcraontario.ca\/fr\/apre-lachat\/\">Apr\u00e8s l\u2019achat<\/a><\/li>\n<\/ul><\/nav>\n<\/div>\n\n\n\n<div class=\"wp-block-column is-layout-flow wp-block-column-is-layout-flow\" style=\"flex-basis:76.66%\">\n<p>F\u00e9licitations pour votre achat d\u2019une nouvelle maison! Avant d\u2019acc\u00e9der \u00e0 la propri\u00e9t\u00e9, vous devez prendre plusieurs mesures importantes pour assurer une transition en douceur et prot\u00e9ger votre investissement. Que ce soit pour effectuer une inspection finale de votre domicile actuel ou pour obtenir une garantie sur votre nouvelle r\u00e9sidence, ces t\u00e2ches indispensables vous permettront de d\u00e9m\u00e9nager l\u2019esprit tranquille.<\/p>\n\n\n\n<p>Voici quelques activit\u00e9s cl\u00e9s \u00e0 garder \u00e0 l\u2019esprit&nbsp;:<\/p>\n\n\n\n<h5 class=\"wp-block-heading has-blue-color has-text-color has-link-color wp-elements-fd0ce4d0b3e5b2d92d9d69941d9dc193\"><strong>Inspection avant la livraison<\/strong><\/h5>\n\n\n\n<p>Avant que vous preniez possession de votre nouveau domicile, votre constructeur effectuera une inspection approfondie avec vous. Il s\u2019agit d\u2019une <strong>inspection avant livraison (IAL<\/strong>). Pendant l\u2019IAL, votre constructeur vous guidera tout au long d\u2019une inspection d\u00e9taill\u00e9e et vous expliquera comment faire fonctionner les principaux syst\u00e8mes r\u00e9sidentiels, comme le chauffage, la plomberie et la ventilation, et s\u2019assurera que les appareils sont en bon \u00e9tat de fonctionnement.<\/p>\n\n\n\n<p>Cette inspection est une occasion importante pour vous de rep\u00e9rer tout probl\u00e8me, qu\u2019il s\u2019agisse de dommages, d\u2019articles manquants ou de choses qui ne fonctionnent pas correctement. Assurez-vous de consigner ces pr\u00e9occupations sur le formulaire d\u2019IAL avec votre constructeur. De plus, vous passerez en revue le certificat de fin de travaux et de prise de possession (CFTPP), qui comprend le num\u00e9ro d\u2019inscription \u00e0 Tarion de votre domicile et la date officielle de d\u00e9but de votre garantie l\u00e9gale administr\u00e9e par Tarion. Pour en savoir plus sur le processus d\u2019IAL, consultez le <a href=\"https:\/\/www.tarion.com\/homeowners\/pre-delivery-inspection\" target=\"_blank\" rel=\"noreferrer noopener\">site Web de Tarion<\/a>.<\/p>\n\n\n\n<h5 class=\"wp-block-heading has-blue-color has-text-color has-link-color wp-elements-9da50958d0a1311c024e295f56c90dfe\"><strong>Rendez-vous de cl\u00f4ture et prise de possession<\/strong><\/h5>\n\n\n\n<p>Votre rendez-vous de cl\u00f4ture est la derni\u00e8re \u00e9tape avant de devenir officiellement propri\u00e9taire de votre nouveau domicile. Au cours de ce rendez-vous, vous signerez d\u2019importants documents juridiques qui transf\u00e8rent la propri\u00e9t\u00e9 de votre constructeur \u00e0 vous.<\/p>\n\n\n\n<p>Votre constructeur doit vous aviser de la date de transfert de la propri\u00e9t\u00e9. Au moment du rendez-vous, un avocat ou un professionnel du droit immobilier peut vous expliquer les documents, y compris l\u2019examen de votre convention d\u2019achat et de vente. Vous pourriez \u00e9galement recevoir des renseignements sur le transfert des services publics, les paiements finaux et l\u2019assurance.<\/p>\n\n\n\n<p>Avant de signer, assurez-vous de suivre les \u00e9tapes ci-dessous&nbsp;:<\/p>\n\n\n\n<div class=\"wp-block-columns is-layout-flex wp-container-core-columns-is-layout-28f84493 wp-block-columns-is-layout-flex\">\n<div class=\"wp-block-column is-layout-flow wp-block-column-is-layout-flow\" style=\"flex-basis:33.33%\">\n<ul class=\"wp-block-list\">\n<li>Passez en revue les probl\u00e8mes du b\u00e2timent soulev\u00e9s pendant l\u2019inspection avant la livraison pour vous assurer qu\u2019ils ont \u00e9t\u00e9 r\u00e9gl\u00e9s. Si ce n\u2019est pas le cas, demandez une explication \u00e9crite au constructeur.<\/li>\n\n\n\n<li>Participez \u00e0 une s\u00e9ance d\u2019orientation, si elle est offerte, pour vous familiariser avec votre nouveau domicile et vos droits en tant que propri\u00e9taire.<\/li>\n\n\n\n<li>Sachez comment signaler toute irr\u00e9gularit\u00e9 nouvelle ou persistante apr\u00e8s votre emm\u00e9nagement.<\/li>\n<\/ul>\n<\/div>\n\n\n\n<div class=\"wp-block-column is-layout-flow wp-block-column-is-layout-flow\" style=\"flex-basis:66.66%\">\n<figure class=\"wp-block-image size-large\"><img decoding=\"async\" src=\"https:\/\/www.hcraontario.ca\/wp-content\/uploads\/2025\/01\/AdobeStock_235867745-1-1024x683.jpeg\" alt=\"\" class=\"wp-image-1081\"\/><\/figure>\n<\/div>\n<\/div>\n\n\n\n<h5 class=\"wp-block-heading has-blue-color has-text-color has-link-color wp-elements-5dd89d990e4426a2e5701914564f2ea6\"><strong>Comprendre la garantie de votre maison<\/strong><\/h5>\n\n\n\n<p>Il est important de comprendre les garanties qui s\u2019appliquent \u00e0 divers articles dans votre nouvelle maison. Il s\u2019agit notamment de savoir quels aspects sont couverts et lesquels ne le sont pas. En vertu de la loi, la plupart des maisons neuves en Ontario sont assorties d\u2019une garantie du constructeur pouvant aller jusqu\u2019\u00e0 sept ans. <a href=\"https:\/\/www.tarion.com\/\" target=\"_blank\" rel=\"noreferrer noopener\">Tarion<\/a> offre le programme de garantie et de protection et est responsable de s\u2019assurer que les acheteurs re\u00e7oivent la couverture \u00e0 laquelle ils ont droit.<\/p>\n\n\n\n<p>Si vous d\u00e9couvrez des anomalies apr\u00e8s avoir emm\u00e9nag\u00e9, vous devez rencontrer votre constructeur dans les <strong>30 jours<\/strong> suivant la prise de possession et soumettre un <strong>formulaire de demande de r\u00e8glement de 30 jours<\/strong> \u00e0 votre constructeur et \u00e0 Tarion. Ce formulaire vous permet de corriger toute irr\u00e9gularit\u00e9 d\u00e9cel\u00e9e lors de votre inspection avant la livraison ou tout nouveau probl\u00e8me qui survient apr\u00e8s votre emm\u00e9nagement.<\/p>\n\n\n\n<p class=\"has-dark-blue-color has-light-blue-background-color has-text-color has-background has-link-color wp-elements-7bf523ff16c500bc0c4ab77139f0d9b6\">Pour obtenir un aper\u00e7u g\u00e9n\u00e9ral des divers formulaires et \u00e9ch\u00e9anciers de garantie, consultez <a href=\"https:\/\/www.tarion.com\/claim-forms-timelines\" target=\"_blank\" rel=\"noreferrer noopener\">le site Web de Tarion<\/a>.<\/p>\n<\/div>\n<\/div>\n<\/div><\/div>\n\n\n\n<p><\/p>\n","protected":false},"excerpt":{"rendered":"","protected":false},"author":1,"featured_media":0,"parent":0,"menu_order":0,"comment_status":"closed","ping_status":"closed","template":"","meta":{"footnotes":""},"class_list":["post-64","page","type-page","status-publish","hentry"],"yoast_head":"<!-- This site is optimized with the Yoast SEO plugin v27.4 - https:\/\/yoast.com\/product\/yoast-seo-wordpress\/ -->\n<title>Apr\u00e8s l\u2019achat - L&#039;Office de r\u00e9glementation de la construction des logements<\/title>\n<meta name=\"robots\" content=\"noindex, follow, max-snippet:-1, max-image-preview:large, max-video-preview:-1\" \/>\n<meta property=\"og:locale\" content=\"fr_CA\" \/>\n<meta property=\"og:type\" content=\"article\" \/>\n<meta property=\"og:title\" content=\"Apr\u00e8s l\u2019achat - L&#039;Office de r\u00e9glementation de la construction des logements\" \/>\n<meta property=\"og:url\" content=\"https:\/\/www.hcraontario.ca\/fr\/apre-lachat\/\" \/>\n<meta property=\"og:site_name\" content=\"L&#039;Office de r\u00e9glementation de la construction des logements\" \/>\n<meta property=\"article:modified_time\" content=\"2025-11-24T18:44:38+00:00\" \/>\n<meta name=\"twitter:card\" content=\"summary_large_image\" \/>\n<meta name=\"twitter:label1\" content=\"Estimation du temps de lecture\" \/>\n\t<meta name=\"twitter:data1\" content=\"4 minutes\" \/>\n<script type=\"application\/ld+json\" class=\"yoast-schema-graph\">{\"@context\":\"https:\\\/\\\/schema.org\",\"@graph\":[{\"@type\":\"WebPage\",\"@id\":\"https:\\\/\\\/www.hcraontario.ca\\\/fr\\\/apre-lachat\\\/\",\"url\":\"https:\\\/\\\/www.hcraontario.ca\\\/fr\\\/apre-lachat\\\/\",\"name\":\"Apr\u00e8s l\u2019achat - L&#039;Office de r\u00e9glementation de la construction des logements\",\"isPartOf\":{\"@id\":\"https:\\\/\\\/www.hcraontario.ca\\\/fr\\\/#website\"},\"primaryImageOfPage\":{\"@id\":\"https:\\\/\\\/www.hcraontario.ca\\\/fr\\\/apre-lachat\\\/#primaryimage\"},\"image\":{\"@id\":\"https:\\\/\\\/www.hcraontario.ca\\\/fr\\\/apre-lachat\\\/#primaryimage\"},\"thumbnailUrl\":\"https:\\\/\\\/www.hcraontario.ca\\\/wp-content\\\/uploads\\\/2025\\\/01\\\/AdobeStock_235867745-1-1024x683.jpeg\",\"datePublished\":\"2025-07-02T13:43:29+00:00\",\"dateModified\":\"2025-11-24T18:44:38+00:00\",\"breadcrumb\":{\"@id\":\"https:\\\/\\\/www.hcraontario.ca\\\/fr\\\/apre-lachat\\\/#breadcrumb\"},\"inLanguage\":\"fr-CA\",\"potentialAction\":[{\"@type\":\"ReadAction\",\"target\":[\"https:\\\/\\\/www.hcraontario.ca\\\/fr\\\/apre-lachat\\\/\"]}]},{\"@type\":\"ImageObject\",\"inLanguage\":\"fr-CA\",\"@id\":\"https:\\\/\\\/www.hcraontario.ca\\\/fr\\\/apre-lachat\\\/#primaryimage\",\"url\":\"https:\\\/\\\/www.hcraontario.ca\\\/wp-content\\\/uploads\\\/2025\\\/01\\\/AdobeStock_235867745-1-1024x683.jpeg\",\"contentUrl\":\"https:\\\/\\\/www.hcraontario.ca\\\/wp-content\\\/uploads\\\/2025\\\/01\\\/AdobeStock_235867745-1-1024x683.jpeg\"},{\"@type\":\"BreadcrumbList\",\"@id\":\"https:\\\/\\\/www.hcraontario.ca\\\/fr\\\/apre-lachat\\\/#breadcrumb\",\"itemListElement\":[{\"@type\":\"ListItem\",\"position\":1,\"name\":\"Home\",\"item\":\"https:\\\/\\\/www.hcraontario.ca\\\/fr\\\/\"},{\"@type\":\"ListItem\",\"position\":2,\"name\":\"Apr\u00e8s l\u2019achat\"}]},{\"@type\":\"WebSite\",\"@id\":\"https:\\\/\\\/www.hcraontario.ca\\\/fr\\\/#website\",\"url\":\"https:\\\/\\\/www.hcraontario.ca\\\/fr\\\/\",\"name\":\"L&#039;Office de r\u00e9glementation de la construction des logements\",\"description\":\"\",\"potentialAction\":[{\"@type\":\"SearchAction\",\"target\":{\"@type\":\"EntryPoint\",\"urlTemplate\":\"https:\\\/\\\/www.hcraontario.ca\\\/fr\\\/?s={search_term_string}\"},\"query-input\":{\"@type\":\"PropertyValueSpecification\",\"valueRequired\":true,\"valueName\":\"search_term_string\"}}],\"inLanguage\":\"fr-CA\"}]}<\/script>\n<!-- \/ Yoast SEO plugin. -->","yoast_head_json":{"title":"Apr\u00e8s l\u2019achat - L&#039;Office de r\u00e9glementation de la construction des logements","robots":{"index":"noindex","follow":"follow","max-snippet":"max-snippet:-1","max-image-preview":"max-image-preview:large","max-video-preview":"max-video-preview:-1"},"og_locale":"fr_CA","og_type":"article","og_title":"Apr\u00e8s l\u2019achat - L&#039;Office de r\u00e9glementation de la construction des logements","og_url":"https:\/\/www.hcraontario.ca\/fr\/apre-lachat\/","og_site_name":"L&#039;Office de r\u00e9glementation de la construction des logements","article_modified_time":"2025-11-24T18:44:38+00:00","twitter_card":"summary_large_image","twitter_misc":{"Estimation du temps de lecture":"4 minutes"},"schema":{"@context":"https:\/\/schema.org","@graph":[{"@type":"WebPage","@id":"https:\/\/www.hcraontario.ca\/fr\/apre-lachat\/","url":"https:\/\/www.hcraontario.ca\/fr\/apre-lachat\/","name":"Apr\u00e8s l\u2019achat - L&#039;Office de r\u00e9glementation de la construction des logements","isPartOf":{"@id":"https:\/\/www.hcraontario.ca\/fr\/#website"},"primaryImageOfPage":{"@id":"https:\/\/www.hcraontario.ca\/fr\/apre-lachat\/#primaryimage"},"image":{"@id":"https:\/\/www.hcraontario.ca\/fr\/apre-lachat\/#primaryimage"},"thumbnailUrl":"https:\/\/www.hcraontario.ca\/wp-content\/uploads\/2025\/01\/AdobeStock_235867745-1-1024x683.jpeg","datePublished":"2025-07-02T13:43:29+00:00","dateModified":"2025-11-24T18:44:38+00:00","breadcrumb":{"@id":"https:\/\/www.hcraontario.ca\/fr\/apre-lachat\/#breadcrumb"},"inLanguage":"fr-CA","potentialAction":[{"@type":"ReadAction","target":["https:\/\/www.hcraontario.ca\/fr\/apre-lachat\/"]}]},{"@type":"ImageObject","inLanguage":"fr-CA","@id":"https:\/\/www.hcraontario.ca\/fr\/apre-lachat\/#primaryimage","url":"https:\/\/www.hcraontario.ca\/wp-content\/uploads\/2025\/01\/AdobeStock_235867745-1-1024x683.jpeg","contentUrl":"https:\/\/www.hcraontario.ca\/wp-content\/uploads\/2025\/01\/AdobeStock_235867745-1-1024x683.jpeg"},{"@type":"BreadcrumbList","@id":"https:\/\/www.hcraontario.ca\/fr\/apre-lachat\/#breadcrumb","itemListElement":[{"@type":"ListItem","position":1,"name":"Home","item":"https:\/\/www.hcraontario.ca\/fr\/"},{"@type":"ListItem","position":2,"name":"Apr\u00e8s l\u2019achat"}]},{"@type":"WebSite","@id":"https:\/\/www.hcraontario.ca\/fr\/#website","url":"https:\/\/www.hcraontario.ca\/fr\/","name":"L&#039;Office de r\u00e9glementation de la construction des logements","description":"","potentialAction":[{"@type":"SearchAction","target":{"@type":"EntryPoint","urlTemplate":"https:\/\/www.hcraontario.ca\/fr\/?s={search_term_string}"},"query-input":{"@type":"PropertyValueSpecification","valueRequired":true,"valueName":"search_term_string"}}],"inLanguage":"fr-CA"}]}},"_links":{"self":[{"href":"https:\/\/www.hcraontario.ca\/fr\/wp-json\/wp\/v2\/pages\/64","targetHints":{"allow":["GET"]}}],"collection":[{"href":"https:\/\/www.hcraontario.ca\/fr\/wp-json\/wp\/v2\/pages"}],"about":[{"href":"https:\/\/www.hcraontario.ca\/fr\/wp-json\/wp\/v2\/types\/page"}],"author":[{"embeddable":true,"href":"https:\/\/www.hcraontario.ca\/fr\/wp-json\/wp\/v2\/users\/1"}],"replies":[{"embeddable":true,"href":"https:\/\/www.hcraontario.ca\/fr\/wp-json\/wp\/v2\/comments?post=64"}],"version-history":[{"count":7,"href":"https:\/\/www.hcraontario.ca\/fr\/wp-json\/wp\/v2\/pages\/64\/revisions"}],"predecessor-version":[{"id":845,"href":"https:\/\/www.hcraontario.ca\/fr\/wp-json\/wp\/v2\/pages\/64\/revisions\/845"}],"wp:attachment":[{"href":"https:\/\/www.hcraontario.ca\/fr\/wp-json\/wp\/v2\/media?parent=64"}],"curies":[{"name":"wp","href":"https:\/\/api.w.org\/{rel}","templated":true}]}}