{"id":339,"date":"2025-07-21T14:59:02","date_gmt":"2025-07-21T18:59:02","guid":{"rendered":"https:\/\/www.hcraontario.ca\/fr\/?page_id=339"},"modified":"2025-08-04T13:45:50","modified_gmt":"2025-08-04T17:45:50","slug":"accessibilite","status":"publish","type":"page","link":"https:\/\/www.hcraontario.ca\/fr\/accessibilite\/","title":{"rendered":"Accessibilit\u00e9"},"content":{"rendered":"\n<div style=\"background-color:var(--wp--custom--colors--primary-500)\" class=\"wp-block-zp4-hero alignfull is-style-cover\"><div class=\"hero\"><div class=\"content-container is-style-center\"><h1>Accessibilit\u00e9<\/h1><p class=\"has-large-font-size\"><\/p>\n<div class=\"wp-block-buttons is-content-justification-left is-layout-flex wp-container-core-buttons-is-layout-fc4fd283 wp-block-buttons-is-layout-flex\">\n\n<\/div>\n<\/div><\/div><\/div>\n\n\n\n<div class=\"wp-block-zp4-group\" style=\"padding-top:var(--wp--preset--spacing--30);padding-bottom:var(--wp--preset--spacing--40)\"><div class=\"layout-container\" style=\"gap:var(--wp--preset--spacing--00)\">\n<div class=\"wp-block-columns is-layout-flex wp-container-core-columns-is-layout-cf05694f wp-block-columns-is-layout-flex\">\n<div class=\"wp-block-column is-layout-flow wp-block-column-is-layout-flow\" style=\"flex-basis:23.33%\">\n<nav class=\"has-small-font-size wp-block-zp4-navigation\" aria-label=\"\u00c0 propos de nous\"\n\t\t\t\t\t\t\t\t\t\tdata-inline-menu-is-current-menu-expanded=\"false\">\n\t<ul class=\"dropdown menu\" data-a11y-dropdown-menu><li id=\"menu-item-54\" class=\"menu-item menu-item-type-post_type menu-item-object-page\"><a href=\"https:\/\/www.hcraontario.ca\/fr\/ce-que-nous-faisons\/\">Ce que nous faisons<\/a><\/li>\n<li id=\"menu-item-52\" class=\"menu-item menu-item-type-post_type menu-item-object-page\"><a href=\"https:\/\/www.hcraontario.ca\/fr\/plans-denterprise-et-rapports\/\">Plans d\u2019entreprise et rapports<\/a><\/li>\n<li id=\"menu-item-53\" class=\"menu-item menu-item-type-post_type menu-item-object-page\"><a href=\"https:\/\/www.hcraontario.ca\/fr\/by-laws-policies\/\">R\u00e8glements et politiques<\/a><\/li>\n<li id=\"menu-item-809\" class=\"menu-item menu-item-type-post_type menu-item-object-page\"><a href=\"https:\/\/www.hcraontario.ca\/fr\/audit-de-performance-de-lorcl\/\">Audit de performance de l\u2019ORCL<\/a><\/li>\n<\/ul><\/nav>\n<\/div>\n\n\n\n<div class=\"wp-block-column is-layout-flow wp-block-column-is-layout-flow\" style=\"flex-basis:76.66%\">\n<p><br>L\u2019Office de r\u00e9glementation de la construction de logements (ORCL) s\u2019est engag\u00e9 \u00e0 respecter les objectifs et les exigences \u00e9nonc\u00e9s dans la <a href=\"https:\/\/www.ontario.ca\/lois\/loi\/05a11\" target=\"_blank\" rel=\"noreferrer noopener\">Loi de 2005 sur l\u2019accessibilit\u00e9 pour les personnes handicap\u00e9es de l\u2019Ontario<\/a> et les r\u00e8glements applicables, ainsi qu\u2019\u00e0 r\u00e9pondre, en temps opportun, aux besoins des personnes handicap\u00e9es en mati\u00e8re d\u2019accessibilit\u00e9 par la mise en \u0153uvre des exigences pr\u00e9vues dans la Loi et ses r\u00e8glements d\u2019application.<\/p>\n\n\n\n<h5 class=\"wp-block-heading has-blue-color has-text-color has-link-color wp-elements-60f8715968ffd700c661565163a6a437\">Services accessibles<\/h5>\n\n\n\n<p>L\u2019ORCL s\u2019engage \u00e0 veiller \u00e0 ce que tous les services soient accessibles dans le respect des personnes ayant des capacit\u00e9s diff\u00e9rentes en \u00e9liminant les obstacles, dans la mesure du possible. Le site Web de l\u2019ORCL offre des fonctions d\u2019accessibilit\u00e9 et permet d\u2019obtenir des services par t\u00e9l\u00e9phone et en ligne.<\/p>\n\n\n\n<p>\u00c0 l\u2019heure actuelle, l\u2019ORCL offre ses services en tant qu\u2019organisme enti\u00e8rement virtuel. Si vous avez besoin de mesures d\u2019adaptation, veuillez communiquer avec le Service \u00e0 la client\u00e8le \u00e0 <a href=\"mailto:info@hcraontario.ca\">info@hcraontario.ca<\/a> ou t\u00e9l\u00e9phoner au 416-487-HCRA (4272) ou au num\u00e9ro sans frais : 1 800 582 7994.<\/p>\n<\/div>\n<\/div>\n<\/div><\/div>\n\n\n\n<p><\/p>\n","protected":false},"excerpt":{"rendered":"","protected":false},"author":6,"featured_media":0,"parent":0,"menu_order":0,"comment_status":"closed","ping_status":"closed","template":"","meta":{"footnotes":""},"class_list":["post-339","page","type-page","status-publish","hentry"],"yoast_head":"<!-- This site is optimized with the Yoast SEO plugin v27.4 - https:\/\/yoast.com\/product\/yoast-seo-wordpress\/ -->\n<title>Accessibilit\u00e9 - L&#039;Office de r\u00e9glementation de la construction des logements<\/title>\n<meta name=\"robots\" content=\"noindex, follow, max-snippet:-1, max-image-preview:large, max-video-preview:-1\" \/>\n<meta property=\"og:locale\" content=\"fr_CA\" \/>\n<meta property=\"og:type\" content=\"article\" \/>\n<meta property=\"og:title\" content=\"Accessibilit\u00e9 - L&#039;Office de r\u00e9glementation de la construction des logements\" \/>\n<meta property=\"og:url\" content=\"https:\/\/www.hcraontario.ca\/fr\/accessibilite\/\" \/>\n<meta property=\"og:site_name\" content=\"L&#039;Office de r\u00e9glementation de la construction des logements\" \/>\n<meta property=\"article:modified_time\" content=\"2025-08-04T17:45:50+00:00\" \/>\n<meta name=\"twitter:card\" content=\"summary_large_image\" \/>\n<script type=\"application\/ld+json\" class=\"yoast-schema-graph\">{\"@context\":\"https:\\\/\\\/schema.org\",\"@graph\":[{\"@type\":\"WebPage\",\"@id\":\"https:\\\/\\\/www.hcraontario.ca\\\/fr\\\/accessibilite\\\/\",\"url\":\"https:\\\/\\\/www.hcraontario.ca\\\/fr\\\/accessibilite\\\/\",\"name\":\"Accessibilit\u00e9 - L&#039;Office de r\u00e9glementation de la construction des logements\",\"isPartOf\":{\"@id\":\"https:\\\/\\\/www.hcraontario.ca\\\/fr\\\/#website\"},\"datePublished\":\"2025-07-21T18:59:02+00:00\",\"dateModified\":\"2025-08-04T17:45:50+00:00\",\"breadcrumb\":{\"@id\":\"https:\\\/\\\/www.hcraontario.ca\\\/fr\\\/accessibilite\\\/#breadcrumb\"},\"inLanguage\":\"fr-CA\",\"potentialAction\":[{\"@type\":\"ReadAction\",\"target\":[\"https:\\\/\\\/www.hcraontario.ca\\\/fr\\\/accessibilite\\\/\"]}]},{\"@type\":\"BreadcrumbList\",\"@id\":\"https:\\\/\\\/www.hcraontario.ca\\\/fr\\\/accessibilite\\\/#breadcrumb\",\"itemListElement\":[{\"@type\":\"ListItem\",\"position\":1,\"name\":\"Home\",\"item\":\"https:\\\/\\\/www.hcraontario.ca\\\/fr\\\/\"},{\"@type\":\"ListItem\",\"position\":2,\"name\":\"Accessibilit\u00e9\"}]},{\"@type\":\"WebSite\",\"@id\":\"https:\\\/\\\/www.hcraontario.ca\\\/fr\\\/#website\",\"url\":\"https:\\\/\\\/www.hcraontario.ca\\\/fr\\\/\",\"name\":\"L&#039;Office de r\u00e9glementation de la construction des logements\",\"description\":\"\",\"potentialAction\":[{\"@type\":\"SearchAction\",\"target\":{\"@type\":\"EntryPoint\",\"urlTemplate\":\"https:\\\/\\\/www.hcraontario.ca\\\/fr\\\/?s={search_term_string}\"},\"query-input\":{\"@type\":\"PropertyValueSpecification\",\"valueRequired\":true,\"valueName\":\"search_term_string\"}}],\"inLanguage\":\"fr-CA\"}]}<\/script>\n<!-- \/ Yoast SEO plugin. -->","yoast_head_json":{"title":"Accessibilit\u00e9 - L&#039;Office de r\u00e9glementation de la construction des logements","robots":{"index":"noindex","follow":"follow","max-snippet":"max-snippet:-1","max-image-preview":"max-image-preview:large","max-video-preview":"max-video-preview:-1"},"og_locale":"fr_CA","og_type":"article","og_title":"Accessibilit\u00e9 - L&#039;Office de r\u00e9glementation de la construction des logements","og_url":"https:\/\/www.hcraontario.ca\/fr\/accessibilite\/","og_site_name":"L&#039;Office de r\u00e9glementation de la construction des logements","article_modified_time":"2025-08-04T17:45:50+00:00","twitter_card":"summary_large_image","schema":{"@context":"https:\/\/schema.org","@graph":[{"@type":"WebPage","@id":"https:\/\/www.hcraontario.ca\/fr\/accessibilite\/","url":"https:\/\/www.hcraontario.ca\/fr\/accessibilite\/","name":"Accessibilit\u00e9 - L&#039;Office de r\u00e9glementation de la construction des logements","isPartOf":{"@id":"https:\/\/www.hcraontario.ca\/fr\/#website"},"datePublished":"2025-07-21T18:59:02+00:00","dateModified":"2025-08-04T17:45:50+00:00","breadcrumb":{"@id":"https:\/\/www.hcraontario.ca\/fr\/accessibilite\/#breadcrumb"},"inLanguage":"fr-CA","potentialAction":[{"@type":"ReadAction","target":["https:\/\/www.hcraontario.ca\/fr\/accessibilite\/"]}]},{"@type":"BreadcrumbList","@id":"https:\/\/www.hcraontario.ca\/fr\/accessibilite\/#breadcrumb","itemListElement":[{"@type":"ListItem","position":1,"name":"Home","item":"https:\/\/www.hcraontario.ca\/fr\/"},{"@type":"ListItem","position":2,"name":"Accessibilit\u00e9"}]},{"@type":"WebSite","@id":"https:\/\/www.hcraontario.ca\/fr\/#website","url":"https:\/\/www.hcraontario.ca\/fr\/","name":"L&#039;Office de r\u00e9glementation de la construction des logements","description":"","potentialAction":[{"@type":"SearchAction","target":{"@type":"EntryPoint","urlTemplate":"https:\/\/www.hcraontario.ca\/fr\/?s={search_term_string}"},"query-input":{"@type":"PropertyValueSpecification","valueRequired":true,"valueName":"search_term_string"}}],"inLanguage":"fr-CA"}]}},"_links":{"self":[{"href":"https:\/\/www.hcraontario.ca\/fr\/wp-json\/wp\/v2\/pages\/339","targetHints":{"allow":["GET"]}}],"collection":[{"href":"https:\/\/www.hcraontario.ca\/fr\/wp-json\/wp\/v2\/pages"}],"about":[{"href":"https:\/\/www.hcraontario.ca\/fr\/wp-json\/wp\/v2\/types\/page"}],"author":[{"embeddable":true,"href":"https:\/\/www.hcraontario.ca\/fr\/wp-json\/wp\/v2\/users\/6"}],"replies":[{"embeddable":true,"href":"https:\/\/www.hcraontario.ca\/fr\/wp-json\/wp\/v2\/comments?post=339"}],"version-history":[{"count":10,"href":"https:\/\/www.hcraontario.ca\/fr\/wp-json\/wp\/v2\/pages\/339\/revisions"}],"predecessor-version":[{"id":933,"href":"https:\/\/www.hcraontario.ca\/fr\/wp-json\/wp\/v2\/pages\/339\/revisions\/933"}],"wp:attachment":[{"href":"https:\/\/www.hcraontario.ca\/fr\/wp-json\/wp\/v2\/media?parent=339"}],"curies":[{"name":"wp","href":"https:\/\/api.w.org\/{rel}","templated":true}]}}