{"id":295,"date":"2025-07-17T15:18:51","date_gmt":"2025-07-17T19:18:51","guid":{"rendered":"https:\/\/www.hcraontario.ca\/fr\/?page_id=295"},"modified":"2025-11-24T16:23:01","modified_gmt":"2025-11-24T21:23:01","slug":"avis-2-honnetete-et-integrite","status":"publish","type":"page","link":"https:\/\/www.hcraontario.ca\/fr\/avis-2-honnetete-et-integrite\/","title":{"rendered":"Avis 2 &#8211; Honn\u00eatet\u00e9 et int\u00e9grit\u00e9"},"content":{"rendered":"\n<div style=\"background-color:var(--wp--custom--colors--primary-500)\" class=\"wp-block-zp4-hero alignfull is-style-cover\"><div class=\"hero\"><div class=\"content-container is-style-left\"><h1>Avis 2 &#8211; Honn\u00eatet\u00e9 et int\u00e9grit\u00e9<\/h1><p class=\"has-large-font-size\"><\/p>\n<div class=\"wp-block-buttons is-content-justification-left is-layout-flex wp-container-core-buttons-is-layout-fc4fd283 wp-block-buttons-is-layout-flex\">\n\n<\/div>\n<\/div><\/div><\/div>\n\n\n\n<p class=\"has-text-align-right has-dark-blue-color has-text-color has-link-color wp-elements-5eaf64cbddc30faa0f86fb17ff0e3c8d\"><br><strong>Derni\u00e8re mise \u00e0 jour:<\/strong> 27\u00a0mai\u00a02021<\/p>\n\n\n\n<p>Les titulaires de permis doivent agir avec honn\u00eatet\u00e9 et int\u00e9grit\u00e9 et en conformit\u00e9 avec la loi. En vertu de l\u2019article&nbsp;38 de la Loi de 2017 sur les permis de construction de logements neufs, cette obligation impos\u00e9e aux titulaires de permis est continue et s\u2019applique \u00e0 toute conduite d\u2019un titulaire de permis dans le cadre de son travail de constructeur ou de vendeur.<\/p>\n\n\n\n<p>Les titulaires de permis sont en position de pouvoir par rapport aux acheteurs de logements. Les consommateurs ont fait confiance aux comp\u00e9tences et \u00e0 l\u2019expertise particuli\u00e8res des titulaires de permis et ont investi de l\u2019argent dans le cadre de l\u2019investissement important qui sert \u00e0 acheter un logement.<\/p>\n\n\n\n<p>L&rsquo;Office de r\u00e9glementation de la construction des logements (ORCL) s\u2019attend \u00e0 ce que les titulaires de permis interagissent avec les consommateurs avec honn\u00eatet\u00e9, int\u00e9grit\u00e9 et en conformit\u00e9 avec la loi tout au long du processus de construction et d\u2019achat d\u2019un logement. Cela comprend, sans toutefois s\u2019y limiter, la n\u00e9gociation de contrats d\u2019achat et de vente, de contrats d\u2019habitation et de toute question contractuelle qui peut survenir apr\u00e8s que le titulaire de licence et l\u2019acheteur ont sign\u00e9 un accord.<\/p>\n\n\n\n<p>L\u2019ORCL s\u2019attend \u00e0 ce que les titulaires de permis n\u2019exploitent pas leur pouvoir relatif sur les acheteurs de logements. Par exemple, lors de la ren\u00e9gociation d\u2019un contrat, l\u2019ORCL serait pr\u00e9occup\u00e9 par un titulaire de permis qui:<\/p>\n\n\n\n<ul class=\"wp-block-list\">\n<li>ne recommande pas que l\u2019acheteur d\u2019un logement obtienne des conseils juridiques ind\u00e9pendants;<\/li>\n\n\n\n<li>ne pr\u00e9cise pas que l\u2019acheteur d\u2019un logement peut avoir l\u2019option d\u2019insister pour que le titulaire de permis honore le contrat tel qu\u2019il a \u00e9t\u00e9 sign\u00e9 \u00e0 l\u2019origine, sous r\u00e9serve de toute clause de r\u00e9siliation ou autre pr\u00e9vue dans le contrat lui-m\u00eame;<\/li>\n\n\n\n<li>pr\u00e9sente \u00e0 l\u2019acheteur un ensemble d\u2019options trompeuses, fausses ou incompl\u00e8tes en cas de ren\u00e9gociation.<\/li>\n<\/ul>\n\n\n\n<p>Cette liste n\u2019est pas exhaustive. L\u2019ORCL s\u2019attend \u00e0 ce que les titulaires de permis \u00e9vitent des comportements qui seraient raisonnablement consid\u00e9r\u00e9s comme disgracieux, d\u00e9shonorants, non professionnels, indignes d\u2019un titulaire de permis ou susceptibles de jeter le discr\u00e9dit sur les professions de constructeur et de vendeur de logements.<\/p>\n\n\n\n<p>\u00c0 la suite d\u2019un examen et de la collecte de renseignements concernant une plainte au sujet d\u2019un titulaire de permis qui n\u2019a peut-\u00eatre pas r\u00e9pondu aux attentes de l\u2019ORCL concernant l\u2019honn\u00eatet\u00e9 et l\u2019int\u00e9grit\u00e9, le registraire peut prendre certaines mesures, y compris un avis de proposition de suspension ou de r\u00e9vocation d\u2019un permis, ou appliquer des conditions \u00e0 un permis.<\/p>\n\n\n\n<p>Veuillez noter que le r\u00e8glement du Code de d\u00e9ontologie et des comit\u00e9s de discipline et d\u2019appel entrera en vigueur le 1er&nbsp;juillet&nbsp;2021. \u00c0 partir de cette date, le registraire de l\u2019ORCL peut renvoyer au Comit\u00e9 de discipline les plaintes relatives \u00e0 une infraction potentielle au Code de d\u00e9ontologie.<br><br><\/p>\n","protected":false},"excerpt":{"rendered":"<p>Derni\u00e8re mise \u00e0 jour: 27\u00a0mai\u00a02021 Les titulaires de permis doivent agir avec honn\u00eatet\u00e9 et int\u00e9grit\u00e9 et en conformit\u00e9 avec la loi. En vertu de l\u2019article&nbsp;38 de la Loi de 2017 sur les permis de construction de logements neufs, cette obligation impos\u00e9e aux titulaires de permis est continue et s\u2019applique \u00e0 toute conduite d\u2019un titulaire de [&hellip;]<\/p>\n","protected":false},"author":5,"featured_media":0,"parent":0,"menu_order":0,"comment_status":"closed","ping_status":"closed","template":"","meta":{"footnotes":""},"class_list":["post-295","page","type-page","status-publish","hentry"],"yoast_head":"<!-- This site is optimized with the Yoast SEO plugin v27.4 - https:\/\/yoast.com\/product\/yoast-seo-wordpress\/ -->\n<title>Avis 2 - Honn\u00eatet\u00e9 et int\u00e9grit\u00e9 - L&#039;Office de r\u00e9glementation de la construction des logements<\/title>\n<meta name=\"robots\" content=\"noindex, follow, max-snippet:-1, max-image-preview:large, max-video-preview:-1\" \/>\n<meta property=\"og:locale\" content=\"fr_CA\" \/>\n<meta property=\"og:type\" content=\"article\" \/>\n<meta property=\"og:title\" content=\"Avis 2 - Honn\u00eatet\u00e9 et int\u00e9grit\u00e9 - L&#039;Office de r\u00e9glementation de la construction des logements\" \/>\n<meta property=\"og:description\" content=\"Derni\u00e8re mise \u00e0 jour: 27\u00a0mai\u00a02021 Les titulaires de permis doivent agir avec honn\u00eatet\u00e9 et int\u00e9grit\u00e9 et en conformit\u00e9 avec la loi. En vertu de l\u2019article&nbsp;38 de la Loi de 2017 sur les permis de construction de logements neufs, cette obligation impos\u00e9e aux titulaires de permis est continue et s\u2019applique \u00e0 toute conduite d\u2019un titulaire de [&hellip;]\" \/>\n<meta property=\"og:url\" content=\"https:\/\/www.hcraontario.ca\/fr\/avis-2-honnetete-et-integrite\/\" \/>\n<meta property=\"og:site_name\" content=\"L&#039;Office de r\u00e9glementation de la construction des logements\" \/>\n<meta property=\"article:modified_time\" content=\"2025-11-24T21:23:01+00:00\" \/>\n<meta name=\"twitter:card\" content=\"summary_large_image\" \/>\n<meta name=\"twitter:label1\" content=\"Estimation du temps de lecture\" \/>\n\t<meta name=\"twitter:data1\" content=\"3 minutes\" \/>\n<script type=\"application\/ld+json\" class=\"yoast-schema-graph\">{\"@context\":\"https:\\\/\\\/schema.org\",\"@graph\":[{\"@type\":\"WebPage\",\"@id\":\"https:\\\/\\\/www.hcraontario.ca\\\/fr\\\/avis-2-honnetete-et-integrite\\\/\",\"url\":\"https:\\\/\\\/www.hcraontario.ca\\\/fr\\\/avis-2-honnetete-et-integrite\\\/\",\"name\":\"Avis 2 - Honn\u00eatet\u00e9 et int\u00e9grit\u00e9 - L&#039;Office de r\u00e9glementation de la construction des logements\",\"isPartOf\":{\"@id\":\"https:\\\/\\\/www.hcraontario.ca\\\/fr\\\/#website\"},\"datePublished\":\"2025-07-17T19:18:51+00:00\",\"dateModified\":\"2025-11-24T21:23:01+00:00\",\"breadcrumb\":{\"@id\":\"https:\\\/\\\/www.hcraontario.ca\\\/fr\\\/avis-2-honnetete-et-integrite\\\/#breadcrumb\"},\"inLanguage\":\"fr-CA\",\"potentialAction\":[{\"@type\":\"ReadAction\",\"target\":[\"https:\\\/\\\/www.hcraontario.ca\\\/fr\\\/avis-2-honnetete-et-integrite\\\/\"]}]},{\"@type\":\"BreadcrumbList\",\"@id\":\"https:\\\/\\\/www.hcraontario.ca\\\/fr\\\/avis-2-honnetete-et-integrite\\\/#breadcrumb\",\"itemListElement\":[{\"@type\":\"ListItem\",\"position\":1,\"name\":\"Home\",\"item\":\"https:\\\/\\\/www.hcraontario.ca\\\/fr\\\/\"},{\"@type\":\"ListItem\",\"position\":2,\"name\":\"Avis 2 &#8211; Honn\u00eatet\u00e9 et int\u00e9grit\u00e9\"}]},{\"@type\":\"WebSite\",\"@id\":\"https:\\\/\\\/www.hcraontario.ca\\\/fr\\\/#website\",\"url\":\"https:\\\/\\\/www.hcraontario.ca\\\/fr\\\/\",\"name\":\"L&#039;Office de r\u00e9glementation de la construction des logements\",\"description\":\"\",\"potentialAction\":[{\"@type\":\"SearchAction\",\"target\":{\"@type\":\"EntryPoint\",\"urlTemplate\":\"https:\\\/\\\/www.hcraontario.ca\\\/fr\\\/?s={search_term_string}\"},\"query-input\":{\"@type\":\"PropertyValueSpecification\",\"valueRequired\":true,\"valueName\":\"search_term_string\"}}],\"inLanguage\":\"fr-CA\"}]}<\/script>\n<!-- \/ Yoast SEO plugin. -->","yoast_head_json":{"title":"Avis 2 - Honn\u00eatet\u00e9 et int\u00e9grit\u00e9 - L&#039;Office de r\u00e9glementation de la construction des logements","robots":{"index":"noindex","follow":"follow","max-snippet":"max-snippet:-1","max-image-preview":"max-image-preview:large","max-video-preview":"max-video-preview:-1"},"og_locale":"fr_CA","og_type":"article","og_title":"Avis 2 - Honn\u00eatet\u00e9 et int\u00e9grit\u00e9 - L&#039;Office de r\u00e9glementation de la construction des logements","og_description":"Derni\u00e8re mise \u00e0 jour: 27\u00a0mai\u00a02021 Les titulaires de permis doivent agir avec honn\u00eatet\u00e9 et int\u00e9grit\u00e9 et en conformit\u00e9 avec la loi. En vertu de l\u2019article&nbsp;38 de la Loi de 2017 sur les permis de construction de logements neufs, cette obligation impos\u00e9e aux titulaires de permis est continue et s\u2019applique \u00e0 toute conduite d\u2019un titulaire de [&hellip;]","og_url":"https:\/\/www.hcraontario.ca\/fr\/avis-2-honnetete-et-integrite\/","og_site_name":"L&#039;Office de r\u00e9glementation de la construction des logements","article_modified_time":"2025-11-24T21:23:01+00:00","twitter_card":"summary_large_image","twitter_misc":{"Estimation du temps de lecture":"3 minutes"},"schema":{"@context":"https:\/\/schema.org","@graph":[{"@type":"WebPage","@id":"https:\/\/www.hcraontario.ca\/fr\/avis-2-honnetete-et-integrite\/","url":"https:\/\/www.hcraontario.ca\/fr\/avis-2-honnetete-et-integrite\/","name":"Avis 2 - Honn\u00eatet\u00e9 et int\u00e9grit\u00e9 - L&#039;Office de r\u00e9glementation de la construction des logements","isPartOf":{"@id":"https:\/\/www.hcraontario.ca\/fr\/#website"},"datePublished":"2025-07-17T19:18:51+00:00","dateModified":"2025-11-24T21:23:01+00:00","breadcrumb":{"@id":"https:\/\/www.hcraontario.ca\/fr\/avis-2-honnetete-et-integrite\/#breadcrumb"},"inLanguage":"fr-CA","potentialAction":[{"@type":"ReadAction","target":["https:\/\/www.hcraontario.ca\/fr\/avis-2-honnetete-et-integrite\/"]}]},{"@type":"BreadcrumbList","@id":"https:\/\/www.hcraontario.ca\/fr\/avis-2-honnetete-et-integrite\/#breadcrumb","itemListElement":[{"@type":"ListItem","position":1,"name":"Home","item":"https:\/\/www.hcraontario.ca\/fr\/"},{"@type":"ListItem","position":2,"name":"Avis 2 &#8211; Honn\u00eatet\u00e9 et int\u00e9grit\u00e9"}]},{"@type":"WebSite","@id":"https:\/\/www.hcraontario.ca\/fr\/#website","url":"https:\/\/www.hcraontario.ca\/fr\/","name":"L&#039;Office de r\u00e9glementation de la construction des logements","description":"","potentialAction":[{"@type":"SearchAction","target":{"@type":"EntryPoint","urlTemplate":"https:\/\/www.hcraontario.ca\/fr\/?s={search_term_string}"},"query-input":{"@type":"PropertyValueSpecification","valueRequired":true,"valueName":"search_term_string"}}],"inLanguage":"fr-CA"}]}},"_links":{"self":[{"href":"https:\/\/www.hcraontario.ca\/fr\/wp-json\/wp\/v2\/pages\/295","targetHints":{"allow":["GET"]}}],"collection":[{"href":"https:\/\/www.hcraontario.ca\/fr\/wp-json\/wp\/v2\/pages"}],"about":[{"href":"https:\/\/www.hcraontario.ca\/fr\/wp-json\/wp\/v2\/types\/page"}],"author":[{"embeddable":true,"href":"https:\/\/www.hcraontario.ca\/fr\/wp-json\/wp\/v2\/users\/5"}],"replies":[{"embeddable":true,"href":"https:\/\/www.hcraontario.ca\/fr\/wp-json\/wp\/v2\/comments?post=295"}],"version-history":[{"count":4,"href":"https:\/\/www.hcraontario.ca\/fr\/wp-json\/wp\/v2\/pages\/295\/revisions"}],"predecessor-version":[{"id":551,"href":"https:\/\/www.hcraontario.ca\/fr\/wp-json\/wp\/v2\/pages\/295\/revisions\/551"}],"wp:attachment":[{"href":"https:\/\/www.hcraontario.ca\/fr\/wp-json\/wp\/v2\/media?parent=295"}],"curies":[{"name":"wp","href":"https:\/\/api.w.org\/{rel}","templated":true}]}}