{"id":263,"date":"2025-07-17T10:50:45","date_gmt":"2025-07-17T14:50:45","guid":{"rendered":"https:\/\/www.hcraontario.ca\/fr\/?page_id=263"},"modified":"2025-11-24T16:32:50","modified_gmt":"2025-11-24T21:32:50","slug":"directive-2-fiche-de-renseignements-sur-les-condominiums","status":"publish","type":"page","link":"https:\/\/www.hcraontario.ca\/fr\/directive-2-fiche-de-renseignements-sur-les-condominiums\/","title":{"rendered":"Directive 2 &#8211; Fiche de renseignements sur les condominiums"},"content":{"rendered":"\n<div style=\"background-color:var(--wp--custom--colors--primary-500)\" class=\"wp-block-zp4-hero alignfull is-style-cover\"><div class=\"hero\"><div class=\"content-container is-style-left\"><h1>Directive 2 &#8211; Fiche de renseignements sur les condominiums<\/h1><p class=\"has-large-font-size\"><\/p>\n<div class=\"wp-block-buttons is-content-justification-left is-layout-flex wp-container-core-buttons-is-layout-fc4fd283 wp-block-buttons-is-layout-flex\">\n\n<\/div>\n<\/div><\/div><\/div>\n\n\n\n<p class=\"has-text-align-right has-dark-blue-color has-text-color has-link-color wp-elements-f807ab140934cecd586f1be42ba7ad92\"><br><strong>En vigueur:<\/strong>  1<sup>er<\/sup>\u00a0f\u00e9vrier\u00a02021<br><strong>Derni\u00e8re mise \u00e0 jour:<\/strong> 4\u00a0f\u00e9vrier\u00a02021<\/p>\n\n\n\n<h4 class=\"wp-block-heading has-dark-blue-color has-text-color has-link-color wp-elements-27d6088894be5e480268b0e1291622ce\">Exigence<\/h4>\n\n\n\n<p>Les titulaires de permis doivent inclure la fiche de renseignements sur les condominiums \u00e0 la premi\u00e8re page de la convention d\u2019achat-vente pour les acheteurs de condominiums. Cette exigence s\u2019applique aux condominiums ordinaires pour lesquelles la premi\u00e8re convention d\u2019achat-vente sans lien de d\u00e9pendance dans un projet a \u00e9t\u00e9 sign\u00e9e le 1<sup>er<\/sup>&nbsp;janvier&nbsp;2020 ou apr\u00e8s cette date.<\/p>\n\n\n\n<p>La fiche de renseignements sur les condominiums est requise pour les conventions d\u2019achat-vente relatives \u00e0 un projet de condominium dont les conditions de r\u00e9siliation anticip\u00e9e peuvent entra\u00eener son annulation.<\/p>\n\n\n\n<p>La fiche de renseignements sur les condominiums se trouve sur le <a href=\"https:\/\/www.hcraontario.ca\/fr\/licensing-compliance\/directives-advisories\/\" target=\"_blank\" rel=\"noreferrer noopener\">site Web de l\u2019Office de r\u00e9glementation de la construction des logements (ORC<\/a>L).<\/p>\n\n\n\n<p>Les renseignements importants concernant les conditions de r\u00e9siliation anticip\u00e9e, les \u00e9ch\u00e9anciers et l\u2019\u00e9tat du projet dans l\u2019addenda \u00e0 la convention d\u2019achat sont affich\u00e9s au d\u00e9but de la pr\u00e9sente fiche d\u2019information, ce qui sert \u00e0 prot\u00e9ger les consommateurs et \u00e0 pr\u00e9venir les renseignements trompeurs ou faux.<\/p>\n\n\n\n<p><\/p>\n\n\n\n<h4 class=\"wp-block-heading has-dark-blue-color has-text-color has-link-color wp-elements-07ef9d9a44dabf4e70c0b2adea360f69\">Quels sont les avantages de la fiche de renseignements sur les condominiums?<\/h4>\n\n\n\n<p>La fiche de renseignements sur les condominiums souligne les principaux risques li\u00e9s \u00e0 l\u2019achat de condominiums avant la construction, ce qui permet aux acheteurs de logements de l\u2019Ontario de prendre des d\u00e9cisions plus \u00e9clair\u00e9es.<\/p>\n\n\n\n<p>La fiche de renseignements souligne l\u2019importance pour les acheteurs de faire examiner la convention d\u2019achat par un avocat qui conna\u00eet bien les transactions de condominiums. Un tel examen aidera les acheteurs \u00e0 \u00eatre mieux inform\u00e9s des risques d\u2019une nouvelle transaction d\u2019achat de condos et de leurs droits et obligations.<\/p>\n\n\n\n<p>La fiche de renseignements sur les condominiums comprend des mises en garde et des divulgations telles que&nbsp;:<\/p>\n\n\n\n<ul class=\"wp-block-list\">\n<li>les condominiums sur plan comportent le risque qu\u2019ils ne soient jamais construits;<\/li>\n\n\n\n<li>les conditions de r\u00e9siliation anticip\u00e9e qui permettraient \u00e0 un promoteur d\u2019annuler un projet;<\/li>\n\n\n\n<li>des renseignements sur l\u2019\u00e9tat de l\u2019am\u00e9nagement (p. ex., approbation officielle du zonage, autorit\u00e9 d\u2019approbation pertinente et date du d\u00e9but de la construction);<\/li>\n\n\n\n<li>des renseignements sur les restrictions relatives au titre de terrain du promoteur qui pourraient emp\u00eacher le projet d\u2019aller de l\u2019avant;<\/li>\n\n\n\n<li>un acheteur dispose d\u2019une p\u00e9riode initiale de 10&nbsp;jours pour annuler son achat en vertu de la Loi de 1998 sur les condominiums;<\/li>\n\n\n\n<li>la date pr\u00e9vue \u00e0 laquelle l\u2019acheteur peut occuper le logement.<\/li>\n<\/ul>\n\n\n\n<p>Les vendeurs doivent remplir la fiche de renseignements avant de la joindre \u00e0 la convention d\u2019achat-vente.<\/p>\n\n\n\n<p>Lorsqu\u2019on ach\u00e8te un logement dans un condominium avant construction, il y a toujours un risque que le projet ou la phase du projet soit retard\u00e9 ou annul\u00e9. Les conditions de r\u00e9siliation anticip\u00e9e sont des conditions qui, si elles ne sont pas respect\u00e9es, peuvent entra\u00eener la r\u00e9siliation de la convention d\u2019achat. \u00c0 titre d\u2019exemples, mentionnons l\u2019atteinte d\u2019un seuil minimal de ventes unitaires pour que le projet aille de l\u2019avant, et l\u2019obtention du financement n\u00e9cessaire pour la construction et l\u2019ach\u00e8vement du projet. Les conditions de r\u00e9siliation anticip\u00e9e sont contractuelles et doivent \u00eatre accept\u00e9es par les deux parties \u00e0 la convention d\u2019achat (le vendeur et l\u2019acheteur). De plus, elles doivent \u00eatre clairement \u00e9nonc\u00e9es dans l\u2019addenda \u00e0 la convention d\u2019achat, afin que les acheteurs de logements soient inform\u00e9s des risques li\u00e9s aux conditions lorsqu\u2019ils signent le contrat.<\/p>\n\n\n\n<p>La fiche de renseignements sur les condominiums met en lumi\u00e8re certains des risques qui pourraient entra\u00eener l\u2019annulation d\u2019un projet ou d\u2019une phase du projet de condominium, comme les conditions de r\u00e9siliation anticip\u00e9e. Toutefois, toutes les conditions de r\u00e9siliation anticip\u00e9e doivent \u00eatre \u00e9num\u00e9r\u00e9es dans l\u2019addenda du condominium. Les acheteurs sont fortement encourag\u00e9s \u00e0 examiner leur convention d\u2019achat, la fiche de renseignements sur les condominiums et l\u2019addenda avec un avocat qui conna\u00eet bien les transactions de condominiums.<\/p>\n\n\n\n<p><br><\/p>\n","protected":false},"excerpt":{"rendered":"<p>En vigueur: 1er\u00a0f\u00e9vrier\u00a02021Derni\u00e8re mise \u00e0 jour: 4\u00a0f\u00e9vrier\u00a02021 Exigence Les titulaires de permis doivent inclure la fiche de renseignements sur les condominiums \u00e0 la premi\u00e8re page de la convention d\u2019achat-vente pour les acheteurs de condominiums. Cette exigence s\u2019applique aux condominiums ordinaires pour lesquelles la premi\u00e8re convention d\u2019achat-vente sans lien de d\u00e9pendance dans un projet a \u00e9t\u00e9 [&hellip;]<\/p>\n","protected":false},"author":5,"featured_media":0,"parent":0,"menu_order":0,"comment_status":"closed","ping_status":"closed","template":"","meta":{"footnotes":""},"class_list":["post-263","page","type-page","status-publish","hentry"],"yoast_head":"<!-- This site is optimized with the Yoast SEO plugin v27.4 - https:\/\/yoast.com\/product\/yoast-seo-wordpress\/ -->\n<title>Directive 2 - Fiche de renseignements sur les condominiums - L&#039;Office de r\u00e9glementation de la construction des logements<\/title>\n<meta name=\"robots\" content=\"noindex, follow, max-snippet:-1, max-image-preview:large, max-video-preview:-1\" \/>\n<meta property=\"og:locale\" content=\"fr_CA\" \/>\n<meta property=\"og:type\" content=\"article\" \/>\n<meta property=\"og:title\" content=\"Directive 2 - Fiche de renseignements sur les condominiums - L&#039;Office de r\u00e9glementation de la construction des logements\" \/>\n<meta property=\"og:description\" content=\"En vigueur: 1er\u00a0f\u00e9vrier\u00a02021Derni\u00e8re mise \u00e0 jour: 4\u00a0f\u00e9vrier\u00a02021 Exigence Les titulaires de permis doivent inclure la fiche de renseignements sur les condominiums \u00e0 la premi\u00e8re page de la convention d\u2019achat-vente pour les acheteurs de condominiums. Cette exigence s\u2019applique aux condominiums ordinaires pour lesquelles la premi\u00e8re convention d\u2019achat-vente sans lien de d\u00e9pendance dans un projet a \u00e9t\u00e9 [&hellip;]\" \/>\n<meta property=\"og:url\" content=\"https:\/\/www.hcraontario.ca\/fr\/directive-2-fiche-de-renseignements-sur-les-condominiums\/\" \/>\n<meta property=\"og:site_name\" content=\"L&#039;Office de r\u00e9glementation de la construction des logements\" \/>\n<meta property=\"article:modified_time\" content=\"2025-11-24T21:32:50+00:00\" \/>\n<meta name=\"twitter:card\" content=\"summary_large_image\" \/>\n<meta name=\"twitter:label1\" content=\"Estimation du temps de lecture\" \/>\n\t<meta name=\"twitter:data1\" content=\"4 minutes\" \/>\n<script type=\"application\/ld+json\" class=\"yoast-schema-graph\">{\"@context\":\"https:\\\/\\\/schema.org\",\"@graph\":[{\"@type\":\"WebPage\",\"@id\":\"https:\\\/\\\/www.hcraontario.ca\\\/fr\\\/directive-2-fiche-de-renseignements-sur-les-condominiums\\\/\",\"url\":\"https:\\\/\\\/www.hcraontario.ca\\\/fr\\\/directive-2-fiche-de-renseignements-sur-les-condominiums\\\/\",\"name\":\"Directive 2 - Fiche de renseignements sur les condominiums - L&#039;Office de r\u00e9glementation de la construction des logements\",\"isPartOf\":{\"@id\":\"https:\\\/\\\/www.hcraontario.ca\\\/fr\\\/#website\"},\"datePublished\":\"2025-07-17T14:50:45+00:00\",\"dateModified\":\"2025-11-24T21:32:50+00:00\",\"breadcrumb\":{\"@id\":\"https:\\\/\\\/www.hcraontario.ca\\\/fr\\\/directive-2-fiche-de-renseignements-sur-les-condominiums\\\/#breadcrumb\"},\"inLanguage\":\"fr-CA\",\"potentialAction\":[{\"@type\":\"ReadAction\",\"target\":[\"https:\\\/\\\/www.hcraontario.ca\\\/fr\\\/directive-2-fiche-de-renseignements-sur-les-condominiums\\\/\"]}]},{\"@type\":\"BreadcrumbList\",\"@id\":\"https:\\\/\\\/www.hcraontario.ca\\\/fr\\\/directive-2-fiche-de-renseignements-sur-les-condominiums\\\/#breadcrumb\",\"itemListElement\":[{\"@type\":\"ListItem\",\"position\":1,\"name\":\"Home\",\"item\":\"https:\\\/\\\/www.hcraontario.ca\\\/fr\\\/\"},{\"@type\":\"ListItem\",\"position\":2,\"name\":\"Directive 2 &#8211; Fiche de renseignements sur les condominiums\"}]},{\"@type\":\"WebSite\",\"@id\":\"https:\\\/\\\/www.hcraontario.ca\\\/fr\\\/#website\",\"url\":\"https:\\\/\\\/www.hcraontario.ca\\\/fr\\\/\",\"name\":\"L&#039;Office de r\u00e9glementation de la construction des logements\",\"description\":\"\",\"potentialAction\":[{\"@type\":\"SearchAction\",\"target\":{\"@type\":\"EntryPoint\",\"urlTemplate\":\"https:\\\/\\\/www.hcraontario.ca\\\/fr\\\/?s={search_term_string}\"},\"query-input\":{\"@type\":\"PropertyValueSpecification\",\"valueRequired\":true,\"valueName\":\"search_term_string\"}}],\"inLanguage\":\"fr-CA\"}]}<\/script>\n<!-- \/ Yoast SEO plugin. -->","yoast_head_json":{"title":"Directive 2 - Fiche de renseignements sur les condominiums - L&#039;Office de r\u00e9glementation de la construction des logements","robots":{"index":"noindex","follow":"follow","max-snippet":"max-snippet:-1","max-image-preview":"max-image-preview:large","max-video-preview":"max-video-preview:-1"},"og_locale":"fr_CA","og_type":"article","og_title":"Directive 2 - Fiche de renseignements sur les condominiums - L&#039;Office de r\u00e9glementation de la construction des logements","og_description":"En vigueur: 1er\u00a0f\u00e9vrier\u00a02021Derni\u00e8re mise \u00e0 jour: 4\u00a0f\u00e9vrier\u00a02021 Exigence Les titulaires de permis doivent inclure la fiche de renseignements sur les condominiums \u00e0 la premi\u00e8re page de la convention d\u2019achat-vente pour les acheteurs de condominiums. Cette exigence s\u2019applique aux condominiums ordinaires pour lesquelles la premi\u00e8re convention d\u2019achat-vente sans lien de d\u00e9pendance dans un projet a \u00e9t\u00e9 [&hellip;]","og_url":"https:\/\/www.hcraontario.ca\/fr\/directive-2-fiche-de-renseignements-sur-les-condominiums\/","og_site_name":"L&#039;Office de r\u00e9glementation de la construction des logements","article_modified_time":"2025-11-24T21:32:50+00:00","twitter_card":"summary_large_image","twitter_misc":{"Estimation du temps de lecture":"4 minutes"},"schema":{"@context":"https:\/\/schema.org","@graph":[{"@type":"WebPage","@id":"https:\/\/www.hcraontario.ca\/fr\/directive-2-fiche-de-renseignements-sur-les-condominiums\/","url":"https:\/\/www.hcraontario.ca\/fr\/directive-2-fiche-de-renseignements-sur-les-condominiums\/","name":"Directive 2 - Fiche de renseignements sur les condominiums - L&#039;Office de r\u00e9glementation de la construction des logements","isPartOf":{"@id":"https:\/\/www.hcraontario.ca\/fr\/#website"},"datePublished":"2025-07-17T14:50:45+00:00","dateModified":"2025-11-24T21:32:50+00:00","breadcrumb":{"@id":"https:\/\/www.hcraontario.ca\/fr\/directive-2-fiche-de-renseignements-sur-les-condominiums\/#breadcrumb"},"inLanguage":"fr-CA","potentialAction":[{"@type":"ReadAction","target":["https:\/\/www.hcraontario.ca\/fr\/directive-2-fiche-de-renseignements-sur-les-condominiums\/"]}]},{"@type":"BreadcrumbList","@id":"https:\/\/www.hcraontario.ca\/fr\/directive-2-fiche-de-renseignements-sur-les-condominiums\/#breadcrumb","itemListElement":[{"@type":"ListItem","position":1,"name":"Home","item":"https:\/\/www.hcraontario.ca\/fr\/"},{"@type":"ListItem","position":2,"name":"Directive 2 &#8211; Fiche de renseignements sur les condominiums"}]},{"@type":"WebSite","@id":"https:\/\/www.hcraontario.ca\/fr\/#website","url":"https:\/\/www.hcraontario.ca\/fr\/","name":"L&#039;Office de r\u00e9glementation de la construction des logements","description":"","potentialAction":[{"@type":"SearchAction","target":{"@type":"EntryPoint","urlTemplate":"https:\/\/www.hcraontario.ca\/fr\/?s={search_term_string}"},"query-input":{"@type":"PropertyValueSpecification","valueRequired":true,"valueName":"search_term_string"}}],"inLanguage":"fr-CA"}]}},"_links":{"self":[{"href":"https:\/\/www.hcraontario.ca\/fr\/wp-json\/wp\/v2\/pages\/263","targetHints":{"allow":["GET"]}}],"collection":[{"href":"https:\/\/www.hcraontario.ca\/fr\/wp-json\/wp\/v2\/pages"}],"about":[{"href":"https:\/\/www.hcraontario.ca\/fr\/wp-json\/wp\/v2\/types\/page"}],"author":[{"embeddable":true,"href":"https:\/\/www.hcraontario.ca\/fr\/wp-json\/wp\/v2\/users\/5"}],"replies":[{"embeddable":true,"href":"https:\/\/www.hcraontario.ca\/fr\/wp-json\/wp\/v2\/comments?post=263"}],"version-history":[{"count":8,"href":"https:\/\/www.hcraontario.ca\/fr\/wp-json\/wp\/v2\/pages\/263\/revisions"}],"predecessor-version":[{"id":876,"href":"https:\/\/www.hcraontario.ca\/fr\/wp-json\/wp\/v2\/pages\/263\/revisions\/876"}],"wp:attachment":[{"href":"https:\/\/www.hcraontario.ca\/fr\/wp-json\/wp\/v2\/media?parent=263"}],"curies":[{"name":"wp","href":"https:\/\/api.w.org\/{rel}","templated":true}]}}